{"id":1214,"date":"2017-11-06T15:43:39","date_gmt":"2017-11-06T15:43:39","guid":{"rendered":"http:\/\/oxygencoaches.com\/maria-2\/"},"modified":"2017-11-26T01:44:26","modified_gmt":"2017-11-26T01:44:26","slug":"maria-2","status":"publish","type":"page","link":"https:\/\/oxygencoaches.com\/es\/about\/maria-2\/","title":{"rendered":"maria"},"content":{"rendered":"<div id=\"themify_builder_content-1214\" data-postid=\"1214\" class=\"themify_builder_content themify_builder_content-1214 themify_builder\">\n\n    \t\n\t\t<!-- module_row -->\n\t\t\t<div  class=\"themify_builder_row module_row clearfix builder-parallax-scrolling fullwidth_row_container module_row_0 themify_builder_1214_row module_row_1214-0\">\n\t\t\t\t                                <div class=\"row_inner \" >\n\n                                    \n\t\t<div  class=\"tb-column col3-1 first module_column tb_1214_column module_column_0 module_column_1214-0-0 repeat\" >\n                                                                <div class=\"tb-column-inner\">\n                            \n\n    <!-- module image -->\n    <div  id=\"image-1214-0-0-0\" class=\"module module-image image-1214-0-0-0  image-center  \">\n\n        \n        <div class=\"image-wrap\">\n                            <img loading=\"lazy\" decoding=\"async\" width=\"256\" height=\"355\" src=\"https:\/\/oxygencoaches.com\/wp-content\/uploads\/2017\/11\/Maria.png\" class=\" wp-post-image wp-image-838\" alt=\"Maria\" srcset=\"https:\/\/oxygencoaches.com\/wp-content\/uploads\/2017\/11\/Maria.png 256w, https:\/\/oxygencoaches.com\/wp-content\/uploads\/2017\/11\/Maria-216x300.png 216w\" sizes=\"auto, (max-width: 256px) 100vw, 256px\" \/>            \n                        <\/div>\n            <!-- \/image-wrap -->\n        \n        \n            <\/div>\n    <!-- \/module image -->\n\n\n\n    <div class=\"themify_builder_slider_loader\"><\/div>\n    <div id=\"slider-1214-0-0-1\" class=\"module module-slider slider-1214-0-0-1 themify_builder_slider_wrap clearfix  slider-default  \">\n                <ul class=\"themify_builder_slider\"\n            data-id=\"slider-1214-0-0-1\" \n            data-visible=\"1\" \n            data-scroll=\"1\" \n            data-auto-scroll=\"4\"\n            data-speed=\"1\"\n            data-wrap=\"yes\"\n            data-arrow=\"no\"\n            data-pagination=\"no\"\n            data-effect=\"scroll\" \n            data-height=\"auto\" \n            data-pause-on-hover=\"resume\"\n            >\n                    <!-- module slider image -->\n\n                    <li>\n            <div class=\"slide-inner-wrap\">\n                                    <div class=\"slide-image\">\n                                                                            <img loading=\"lazy\" decoding=\"async\" width=\"208\" height=\"48\" src=\"https:\/\/oxygencoaches.com\/wp-content\/uploads\/2017\/11\/CRR.png\" class=\" wp-post-image wp-image-335\" alt=\"CRR\" \/>                                            <\/div><!-- \/slide-image -->\n                \n                            <\/div>\n        <\/li>\n                    <li>\n            <div class=\"slide-inner-wrap\">\n                                    <div class=\"slide-image\">\n                                                                            <img loading=\"lazy\" decoding=\"async\" width=\"229\" height=\"81\" src=\"https:\/\/oxygencoaches.com\/wp-content\/uploads\/2017\/11\/CPCC.jpg\" class=\" wp-post-image wp-image-334\" alt=\"CPCC\" srcset=\"https:\/\/oxygencoaches.com\/wp-content\/uploads\/2017\/11\/CPCC.jpg 229w, https:\/\/oxygencoaches.com\/wp-content\/uploads\/2017\/11\/CPCC-282x100.jpg 282w\" sizes=\"auto, (max-width: 229px) 100vw, 229px\" \/>                                            <\/div><!-- \/slide-image -->\n                \n                            <\/div>\n        <\/li>\n                    <li>\n            <div class=\"slide-inner-wrap\">\n                                    <div class=\"slide-image\">\n                                                                            <img loading=\"lazy\" decoding=\"async\" width=\"154\" height=\"81\" src=\"https:\/\/oxygencoaches.com\/wp-content\/uploads\/2017\/11\/PCC.jpg\" class=\" wp-post-image wp-image-339\" alt=\"PCC\" \/>                                            <\/div><!-- \/slide-image -->\n                \n                            <\/div>\n        <\/li>\n                    <li>\n            <div class=\"slide-inner-wrap\">\n                                    <div class=\"slide-image\">\n                                                                            <img loading=\"lazy\" decoding=\"async\" width=\"229\" height=\"57\" src=\"https:\/\/oxygencoaches.com\/wp-content\/uploads\/2017\/11\/The-Laedership-Circle.jpg\" class=\" wp-post-image wp-image-340\" alt=\"The-Laedership-Circle\" \/>                                            <\/div><!-- \/slide-image -->\n                \n                            <\/div>\n        <\/li>\n                    <li>\n            <div class=\"slide-inner-wrap\">\n                                    <div class=\"slide-image\">\n                                                                            <img loading=\"lazy\" decoding=\"async\" width=\"153\" height=\"108\" src=\"https:\/\/oxygencoaches.com\/wp-content\/uploads\/2017\/11\/Firewalking.jpg\" class=\" wp-post-image wp-image-336\" alt=\"Firewalking\" \/>                                            <\/div><!-- \/slide-image -->\n                \n                            <\/div>\n        <\/li>\n            <\/ul>\n    <\/div>\n        \n                        <\/div>\n                    \t\t<\/div>\n\t\t<!-- \/.tb-column -->\n\t\t\n\t\t\n\t\t<div  class=\"tb-column col3-2 last module_column tb_1214_column module_column_1 module_column_1214-0-1\" >\n                                                                <div class=\"tb-column-inner\">\n                            \n\n<!-- module text -->\n<div  id=\"text-1214-0-1-0\" class=\"module module-text text-1214-0-1-0  repeat \">\n    \n    <h4><strong>MARIA JOS\u00c9 GUTIERREZ de TENA<br \/><\/strong><\/h4><\/div>\n<!-- \/module text -->\n\n\n<!-- module text -->\n<div  id=\"text-1214-0-1-1\" class=\"module module-text text-1214-0-1-1  repeat \">\n    \n    <h5>ASOCIADO<\/h5><\/div>\n<!-- \/module text -->\n\n\n<!-- module text -->\n<div  id=\"text-1214-0-1-2\" class=\"module module-text text-1214-0-1-2  repeat \">\n    \n    <p>Maria Jos\u00e9 es coach ejecutivo, de equipos y de vida.<\/p>\n<p>Posee a\u00f1os de experiencia ejecutiva como planificador estrat\u00e9gico para las principales agencias de publicidad como Saatchi &#038; Saatchi, Ogilvy and Mather y Ammirati Puris Lintas, as\u00ed como jefa de publicidad y centros comerciales de la Autoridad de Aeropuertos Espa\u00f1oles (AENA). Tambi\u00e9n ha vivido y trabajado en ocho pa\u00edses diferentes en el transcurso de veinte a\u00f1os, mientras criaba a una familia, por lo que Maria Jos\u00e9 entiende los numerosos desaf\u00edos que deben enfrentar y superar los retos interculturales que presenta la diversidad. De lengua materna espa\u00f1ola, Mar\u00eda Jos\u00e9 tambi\u00e9n habla ingl\u00e9s con fluidez.<\/p>\n<p>Maria Jos\u00e9 tiene una gran experiencia en coaching ejecutivo y la supervisi\u00f3n de programas de capacitaci\u00f3n de coaches y mentores para grandes corporaciones. Tambi\u00e9n ha sido entrenada en Mindfulness y ha entrenado en Mindfulness a escuelas internacionales en Madrid.<\/p>\n<p>Maria Jos\u00e9 es Coach Co-Activa Profesional Certificada (CPCC) con el Coaches Training Institute (California) y tambi\u00e9n es Coach Certificada Profesional (PCC) de International Coach Federation (ICF). Tambi\u00e9n complet\u00f3 el Core Curriculum y es coordinadora de sistemas de relaciones y organizaciones (ORSC) con CRR Global (California). Ella ha sido entrenada por The Leadership Circle (Utah) para administrar las evaluaciones de los altos ejecutivos. Maria Jos\u00e9 tambi\u00e9n est\u00e1 certificada en mediaci\u00f3n familiar y de conflictos por la Universidad Antonio de Nebrija (Espa\u00f1a) y es competente en Comunicaci\u00f3n No Violenta (entrenada bajo programa de Marshall Rosenberg). Ella tambi\u00e9n es una instructora certificada de Firewalking por The Firewalking Institute (Dallas) y certificada en la herramienta de diagnostico de coaching intercultural por Phillip Rosinsky.<\/p>\n<p>Maria Jos\u00e9 es Diplomada en Psicolog\u00eda por la Universidad Nacional de Educaci\u00f3n a Distancia (Madrid).<\/p><\/div>\n<!-- \/module text -->\n                        <\/div>\n                    \t\t<\/div>\n\t\t<!-- \/.tb-column -->\n\t\t\n\t\t\n                                <\/div>\n                                <!-- \/row_inner -->\n                        <\/div>\n                        <!-- \/module_row -->\n\t\t<\/div>\n","protected":false},"excerpt":{"rendered":"<p>MARIA JOS\u00c9 GUTIERREZ de TENA ASOCIADO Maria Jos\u00e9 es coach ejecutivo, de equipos y de vida. Posee a\u00f1os de experiencia ejecutiva como planificador estrat\u00e9gico para las principales agencias de publicidad como Saatchi &#038; Saatchi, Ogilvy and Mather y Ammirati Puris Lintas, as\u00ed como jefa de publicidad y centros comerciales de la Autoridad de Aeropuertos Espa\u00f1oles [&hellip;]<\/p>\n","protected":false},"author":2,"featured_media":0,"parent":1490,"menu_order":0,"comment_status":"closed","ping_status":"closed","template":"","meta":{"om_disable_all_campaigns":false,"_exactmetrics_skip_tracking":false,"_exactmetrics_sitenote_active":false,"_exactmetrics_sitenote_note":"","_exactmetrics_sitenote_category":0,"footnotes":""},"class_list":["post-1214","page","type-page","status-publish","hentry","has-post-title","has-post-date","has-post-category","has-post-tag","has-post-comment","has-post-author",""],"yoast_head":"<!-- This site is optimized with the Yoast SEO plugin v26.9 - https:\/\/yoast.com\/product\/yoast-seo-wordpress\/ -->\n<title>maria - Oxygen Group<\/title>\n<meta name=\"robots\" content=\"index, follow, max-snippet:-1, max-image-preview:large, max-video-preview:-1\" \/>\n<link rel=\"canonical\" href=\"https:\/\/oxygencoaches.com\/es\/about\/maria-2\/\" \/>\n<meta property=\"og:locale\" content=\"es_ES\" \/>\n<meta property=\"og:type\" content=\"article\" \/>\n<meta property=\"og:title\" content=\"maria - Oxygen Group\" \/>\n<meta property=\"og:description\" content=\"MARIA JOS\u00c9 GUTIERREZ de TENA ASOCIADO Maria Jos\u00e9 es coach ejecutivo, de equipos y de vida. Posee a\u00f1os de experiencia ejecutiva como planificador estrat\u00e9gico para las principales agencias de publicidad como Saatchi &#038; Saatchi, Ogilvy and Mather y Ammirati Puris Lintas, as\u00ed como jefa de publicidad y centros comerciales de la Autoridad de Aeropuertos Espa\u00f1oles [&hellip;]\" \/>\n<meta property=\"og:url\" content=\"https:\/\/oxygencoaches.com\/es\/about\/maria-2\/\" \/>\n<meta property=\"og:site_name\" content=\"Oxygen Group\" \/>\n<meta property=\"article:modified_time\" content=\"2017-11-26T01:44:26+00:00\" \/>\n<meta property=\"og:image\" content=\"http:\/\/oxygencoaches.com\/wp-content\/uploads\/2017\/11\/Maria.png\" \/>\n<meta name=\"twitter:card\" content=\"summary_large_image\" \/>\n<meta name=\"twitter:site\" content=\"@OxygenCoach\" \/>\n<meta name=\"twitter:label1\" content=\"Tiempo de lectura\" \/>\n\t<meta name=\"twitter:data1\" content=\"2 minutos\" \/>\n<script type=\"application\/ld+json\" class=\"yoast-schema-graph\">{\"@context\":\"https:\/\/schema.org\",\"@graph\":[{\"@type\":\"WebPage\",\"@id\":\"https:\/\/oxygencoaches.com\/es\/about\/maria-2\/\",\"url\":\"https:\/\/oxygencoaches.com\/es\/about\/maria-2\/\",\"name\":\"maria - Oxygen Group\",\"isPartOf\":{\"@id\":\"https:\/\/oxygencoaches.com\/#website\"},\"primaryImageOfPage\":{\"@id\":\"https:\/\/oxygencoaches.com\/es\/about\/maria-2\/#primaryimage\"},\"image\":{\"@id\":\"https:\/\/oxygencoaches.com\/es\/about\/maria-2\/#primaryimage\"},\"thumbnailUrl\":\"https:\/\/oxygencoaches.com\/wp-content\/uploads\/2017\/11\/Maria.png\",\"datePublished\":\"2017-11-06T15:43:39+00:00\",\"dateModified\":\"2017-11-26T01:44:26+00:00\",\"breadcrumb\":{\"@id\":\"https:\/\/oxygencoaches.com\/es\/about\/maria-2\/#breadcrumb\"},\"inLanguage\":\"es\",\"potentialAction\":[{\"@type\":\"ReadAction\",\"target\":[\"https:\/\/oxygencoaches.com\/es\/about\/maria-2\/\"]}]},{\"@type\":\"ImageObject\",\"inLanguage\":\"es\",\"@id\":\"https:\/\/oxygencoaches.com\/es\/about\/maria-2\/#primaryimage\",\"url\":\"https:\/\/oxygencoaches.com\/wp-content\/uploads\/2017\/11\/Maria.png\",\"contentUrl\":\"https:\/\/oxygencoaches.com\/wp-content\/uploads\/2017\/11\/Maria.png\"},{\"@type\":\"BreadcrumbList\",\"@id\":\"https:\/\/oxygencoaches.com\/es\/about\/maria-2\/#breadcrumb\",\"itemListElement\":[{\"@type\":\"ListItem\",\"position\":1,\"name\":\"Home\",\"item\":\"https:\/\/oxygencoaches.com\/es\/\"},{\"@type\":\"ListItem\",\"position\":2,\"name\":\"About\",\"item\":\"https:\/\/oxygencoaches.com\/es\/about\/\"},{\"@type\":\"ListItem\",\"position\":3,\"name\":\"maria\"}]},{\"@type\":\"WebSite\",\"@id\":\"https:\/\/oxygencoaches.com\/#website\",\"url\":\"https:\/\/oxygencoaches.com\/\",\"name\":\"Oxygen Group\",\"description\":\"Team Coaching Executive Coaching and Board Retreats\",\"publisher\":{\"@id\":\"https:\/\/oxygencoaches.com\/#organization\"},\"potentialAction\":[{\"@type\":\"SearchAction\",\"target\":{\"@type\":\"EntryPoint\",\"urlTemplate\":\"https:\/\/oxygencoaches.com\/?s={search_term_string}\"},\"query-input\":{\"@type\":\"PropertyValueSpecification\",\"valueRequired\":true,\"valueName\":\"search_term_string\"}}],\"inLanguage\":\"es\"},{\"@type\":\"Organization\",\"@id\":\"https:\/\/oxygencoaches.com\/#organization\",\"name\":\"Oxygen Group\",\"url\":\"https:\/\/oxygencoaches.com\/\",\"logo\":{\"@type\":\"ImageObject\",\"inLanguage\":\"es\",\"@id\":\"https:\/\/oxygencoaches.com\/#\/schema\/logo\/image\/\",\"url\":\"https:\/\/oxygencoaches.com\/wp-content\/uploads\/2017\/11\/logo-oxygen-transparent-bg.png\",\"contentUrl\":\"https:\/\/oxygencoaches.com\/wp-content\/uploads\/2017\/11\/logo-oxygen-transparent-bg.png\",\"width\":286,\"height\":75,\"caption\":\"Oxygen Group\"},\"image\":{\"@id\":\"https:\/\/oxygencoaches.com\/#\/schema\/logo\/image\/\"},\"sameAs\":[\"https:\/\/x.com\/OxygenCoach\",\"https:\/\/www.instagram.com\/oxygencoach\/?hl=en\",\"https:\/\/www.linkedin.com\/in\/juliuscardoza\"]}]}<\/script>\n<!-- \/ Yoast SEO plugin. -->","yoast_head_json":{"title":"maria - Oxygen Group","robots":{"index":"index","follow":"follow","max-snippet":"max-snippet:-1","max-image-preview":"max-image-preview:large","max-video-preview":"max-video-preview:-1"},"canonical":"https:\/\/oxygencoaches.com\/es\/about\/maria-2\/","og_locale":"es_ES","og_type":"article","og_title":"maria - Oxygen Group","og_description":"MARIA JOS\u00c9 GUTIERREZ de TENA ASOCIADO Maria Jos\u00e9 es coach ejecutivo, de equipos y de vida. Posee a\u00f1os de experiencia ejecutiva como planificador estrat\u00e9gico para las principales agencias de publicidad como Saatchi &#038; Saatchi, Ogilvy and Mather y Ammirati Puris Lintas, as\u00ed como jefa de publicidad y centros comerciales de la Autoridad de Aeropuertos Espa\u00f1oles [&hellip;]","og_url":"https:\/\/oxygencoaches.com\/es\/about\/maria-2\/","og_site_name":"Oxygen Group","article_modified_time":"2017-11-26T01:44:26+00:00","og_image":[{"url":"http:\/\/oxygencoaches.com\/wp-content\/uploads\/2017\/11\/Maria.png","type":"","width":"","height":""}],"twitter_card":"summary_large_image","twitter_site":"@OxygenCoach","twitter_misc":{"Tiempo de lectura":"2 minutos"},"schema":{"@context":"https:\/\/schema.org","@graph":[{"@type":"WebPage","@id":"https:\/\/oxygencoaches.com\/es\/about\/maria-2\/","url":"https:\/\/oxygencoaches.com\/es\/about\/maria-2\/","name":"maria - Oxygen Group","isPartOf":{"@id":"https:\/\/oxygencoaches.com\/#website"},"primaryImageOfPage":{"@id":"https:\/\/oxygencoaches.com\/es\/about\/maria-2\/#primaryimage"},"image":{"@id":"https:\/\/oxygencoaches.com\/es\/about\/maria-2\/#primaryimage"},"thumbnailUrl":"https:\/\/oxygencoaches.com\/wp-content\/uploads\/2017\/11\/Maria.png","datePublished":"2017-11-06T15:43:39+00:00","dateModified":"2017-11-26T01:44:26+00:00","breadcrumb":{"@id":"https:\/\/oxygencoaches.com\/es\/about\/maria-2\/#breadcrumb"},"inLanguage":"es","potentialAction":[{"@type":"ReadAction","target":["https:\/\/oxygencoaches.com\/es\/about\/maria-2\/"]}]},{"@type":"ImageObject","inLanguage":"es","@id":"https:\/\/oxygencoaches.com\/es\/about\/maria-2\/#primaryimage","url":"https:\/\/oxygencoaches.com\/wp-content\/uploads\/2017\/11\/Maria.png","contentUrl":"https:\/\/oxygencoaches.com\/wp-content\/uploads\/2017\/11\/Maria.png"},{"@type":"BreadcrumbList","@id":"https:\/\/oxygencoaches.com\/es\/about\/maria-2\/#breadcrumb","itemListElement":[{"@type":"ListItem","position":1,"name":"Home","item":"https:\/\/oxygencoaches.com\/es\/"},{"@type":"ListItem","position":2,"name":"About","item":"https:\/\/oxygencoaches.com\/es\/about\/"},{"@type":"ListItem","position":3,"name":"maria"}]},{"@type":"WebSite","@id":"https:\/\/oxygencoaches.com\/#website","url":"https:\/\/oxygencoaches.com\/","name":"Oxygen Group","description":"Team Coaching Executive Coaching and Board Retreats","publisher":{"@id":"https:\/\/oxygencoaches.com\/#organization"},"potentialAction":[{"@type":"SearchAction","target":{"@type":"EntryPoint","urlTemplate":"https:\/\/oxygencoaches.com\/?s={search_term_string}"},"query-input":{"@type":"PropertyValueSpecification","valueRequired":true,"valueName":"search_term_string"}}],"inLanguage":"es"},{"@type":"Organization","@id":"https:\/\/oxygencoaches.com\/#organization","name":"Oxygen Group","url":"https:\/\/oxygencoaches.com\/","logo":{"@type":"ImageObject","inLanguage":"es","@id":"https:\/\/oxygencoaches.com\/#\/schema\/logo\/image\/","url":"https:\/\/oxygencoaches.com\/wp-content\/uploads\/2017\/11\/logo-oxygen-transparent-bg.png","contentUrl":"https:\/\/oxygencoaches.com\/wp-content\/uploads\/2017\/11\/logo-oxygen-transparent-bg.png","width":286,"height":75,"caption":"Oxygen Group"},"image":{"@id":"https:\/\/oxygencoaches.com\/#\/schema\/logo\/image\/"},"sameAs":["https:\/\/x.com\/OxygenCoach","https:\/\/www.instagram.com\/oxygencoach\/?hl=en","https:\/\/www.linkedin.com\/in\/juliuscardoza"]}]}},"jetpack_sharing_enabled":true,"_links":{"self":[{"href":"https:\/\/oxygencoaches.com\/es\/wp-json\/wp\/v2\/pages\/1214","targetHints":{"allow":["GET"]}}],"collection":[{"href":"https:\/\/oxygencoaches.com\/es\/wp-json\/wp\/v2\/pages"}],"about":[{"href":"https:\/\/oxygencoaches.com\/es\/wp-json\/wp\/v2\/types\/page"}],"author":[{"embeddable":true,"href":"https:\/\/oxygencoaches.com\/es\/wp-json\/wp\/v2\/users\/2"}],"replies":[{"embeddable":true,"href":"https:\/\/oxygencoaches.com\/es\/wp-json\/wp\/v2\/comments?post=1214"}],"version-history":[{"count":6,"href":"https:\/\/oxygencoaches.com\/es\/wp-json\/wp\/v2\/pages\/1214\/revisions"}],"predecessor-version":[{"id":1633,"href":"https:\/\/oxygencoaches.com\/es\/wp-json\/wp\/v2\/pages\/1214\/revisions\/1633"}],"up":[{"embeddable":true,"href":"https:\/\/oxygencoaches.com\/es\/wp-json\/wp\/v2\/pages\/1490"}],"wp:attachment":[{"href":"https:\/\/oxygencoaches.com\/es\/wp-json\/wp\/v2\/media?parent=1214"}],"curies":[{"name":"wp","href":"https:\/\/api.w.org\/{rel}","templated":true}]}}