{"id":1298,"date":"2017-11-06T15:30:03","date_gmt":"2017-11-06T15:30:03","guid":{"rendered":"http:\/\/oxygencoaches.com\/julius-2\/"},"modified":"2017-12-27T16:31:55","modified_gmt":"2017-12-27T16:31:55","slug":"julius-2","status":"publish","type":"page","link":"https:\/\/oxygencoaches.com\/es\/about\/julius-2\/","title":{"rendered":"julius"},"content":{"rendered":"<div id=\"themify_builder_content-1298\" data-postid=\"1298\" class=\"themify_builder_content themify_builder_content-1298 themify_builder\">\n\n    \t\n\t\t<!-- module_row -->\n\t\t\t<div  class=\"themify_builder_row module_row clearfix builder-parallax-scrolling fullwidth_row_container module_row_0 themify_builder_1298_row module_row_1298-0\">\n\t\t\t\t                                <div class=\"row_inner \" >\n\n                                    \n\t\t<div  class=\"tb-column col3-1 first module_column tb_1298_column module_column_0 module_column_1298-0-0 repeat\" >\n                                                                <div class=\"tb-column-inner\">\n                            \n\n    <!-- module image -->\n    <div  id=\"image-1298-0-0-0\" class=\"module module-image image-1298-0-0-0  image-center  \">\n\n        \n        <div class=\"image-wrap\">\n                            <img loading=\"lazy\" decoding=\"async\" width=\"667\" height=\"1000\" src=\"https:\/\/oxygencoaches.com\/wp-content\/uploads\/2017\/11\/Julius-1.jpg\" class=\" wp-post-image wp-image-1013\" alt=\"Julius\" srcset=\"https:\/\/oxygencoaches.com\/wp-content\/uploads\/2017\/11\/Julius-1.jpg 667w, https:\/\/oxygencoaches.com\/wp-content\/uploads\/2017\/11\/Julius-1-200x300.jpg 200w\" sizes=\"auto, (max-width: 667px) 100vw, 667px\" \/>            \n                        <\/div>\n            <!-- \/image-wrap -->\n        \n        \n            <\/div>\n    <!-- \/module image -->\n\n\n\n    <div class=\"themify_builder_slider_loader\"><\/div>\n    <div id=\"slider-1298-0-0-1\" class=\"module module-slider slider-1298-0-0-1 themify_builder_slider_wrap clearfix  slider-default  \">\n                <ul class=\"themify_builder_slider\"\n            data-id=\"slider-1298-0-0-1\" \n            data-visible=\"1\" \n            data-scroll=\"1\" \n            data-auto-scroll=\"4\"\n            data-speed=\"1\"\n            data-wrap=\"yes\"\n            data-arrow=\"no\"\n            data-pagination=\"no\"\n            data-effect=\"scroll\" \n            data-height=\"auto\" \n            data-pause-on-hover=\"resume\"\n            >\n                    <!-- module slider image -->\n\n                    <li>\n            <div class=\"slide-inner-wrap\">\n                                    <div class=\"slide-image\">\n                                                                            <img loading=\"lazy\" decoding=\"async\" width=\"109\" height=\"107\" src=\"https:\/\/oxygencoaches.com\/wp-content\/uploads\/2017\/11\/ORC.jpg\" class=\" wp-post-image wp-image-333\" alt=\"ORSC\" srcset=\"https:\/\/oxygencoaches.com\/wp-content\/uploads\/2017\/11\/ORC.jpg 109w, https:\/\/oxygencoaches.com\/wp-content\/uploads\/2017\/11\/ORC-101x100.jpg 101w\" sizes=\"auto, (max-width: 109px) 100vw, 109px\" \/>                                            <\/div><!-- \/slide-image -->\n                \n                            <\/div>\n        <\/li>\n                    <li>\n            <div class=\"slide-inner-wrap\">\n                                    <div class=\"slide-image\">\n                                                                            <img loading=\"lazy\" decoding=\"async\" width=\"229\" height=\"81\" src=\"https:\/\/oxygencoaches.com\/wp-content\/uploads\/2017\/11\/CPCC.jpg\" class=\" wp-post-image wp-image-334\" alt=\"CPCC\" srcset=\"https:\/\/oxygencoaches.com\/wp-content\/uploads\/2017\/11\/CPCC.jpg 229w, https:\/\/oxygencoaches.com\/wp-content\/uploads\/2017\/11\/CPCC-282x100.jpg 282w\" sizes=\"auto, (max-width: 229px) 100vw, 229px\" \/>                                            <\/div><!-- \/slide-image -->\n                \n                            <\/div>\n        <\/li>\n                    <li>\n            <div class=\"slide-inner-wrap\">\n                                    <div class=\"slide-image\">\n                                                                            <img loading=\"lazy\" decoding=\"async\" width=\"154\" height=\"69\" src=\"https:\/\/oxygencoaches.com\/wp-content\/uploads\/2017\/11\/ICF.png\" class=\" wp-post-image wp-image-337\" alt=\"ICF\" \/>                                            <\/div><!-- \/slide-image -->\n                \n                            <\/div>\n        <\/li>\n                    <li>\n            <div class=\"slide-inner-wrap\">\n                                    <div class=\"slide-image\">\n                                                                            <img loading=\"lazy\" decoding=\"async\" width=\"229\" height=\"57\" src=\"https:\/\/oxygencoaches.com\/wp-content\/uploads\/2017\/11\/The-Laedership-Circle.jpg\" class=\" wp-post-image wp-image-340\" alt=\"The-Laedership-Circle\" \/>                                            <\/div><!-- \/slide-image -->\n                \n                            <\/div>\n        <\/li>\n                    <li>\n            <div class=\"slide-inner-wrap\">\n                                    <div class=\"slide-image\">\n                                                                            <img loading=\"lazy\" decoding=\"async\" width=\"153\" height=\"108\" src=\"https:\/\/oxygencoaches.com\/wp-content\/uploads\/2017\/11\/Firewalking.jpg\" class=\" wp-post-image wp-image-336\" alt=\"Firewalking\" \/>                                            <\/div><!-- \/slide-image -->\n                \n                            <\/div>\n        <\/li>\n            <\/ul>\n    <\/div>\n        \n                        <\/div>\n                    \t\t<\/div>\n\t\t<!-- \/.tb-column -->\n\t\t\n\t\t\n\t\t<div  class=\"tb-column col3-2 last module_column tb_1298_column module_column_1 module_column_1298-0-1\" >\n                                                                <div class=\"tb-column-inner\">\n                            \n\n<!-- module text -->\n<div  id=\"text-1298-0-1-0\" class=\"module module-text text-1298-0-1-0  repeat \">\n    \n    <h4 style=\"text-align: center;\"><strong>JULIUS CARDOZA<\/strong><\/h4><\/div>\n<!-- \/module text -->\n\n\n<!-- module text -->\n<div  id=\"text-1298-0-1-1\" class=\"module module-text text-1298-0-1-1  repeat \">\n    \n    <h5><strong>FUNDADOR<\/strong><\/h5><\/div>\n<!-- \/module text -->\n\n\n<!-- module text -->\n<div  id=\"text-1298-0-1-2\" class=\"module module-text text-1298-0-1-2  repeat \">\n    \n    <p>Julius es fundador y CEO de Oxygen Group, asoci\u00e1ndose con equipos y ejecutivos para desarrollar el liderazgo, las habilidades y estrategias que inspiran a una excelencia que perdure en el tiempo. Sus clientes incluyen empresas internacionales como American Express, ADP, HSBC, Iberdrola, Rituals y Delphi Automotive, entre otros.<\/p>\n<p>Las habilidades de Julius como coach se fortalecen con varios ingredientes clave. Entre ellas, ha recibido formaci\u00f3n de primera clase como coach de equipos y ejecutivo con dos de las escuelas l\u00edderes mundiales de coaching.<\/p>\n<p>Su experiencia como l\u00edder. Julius disfrut\u00f3 de una larga y variada carrera en HSBC abarcando todas las principales \u00e1reas de negocios. Ocup\u00f3 numerosos cargos de gran responsabilidad a nivel mundial y regional, incluyendo a nivel de CEO y miembro de la junta directiva. Es por eso que \u00a0tiene una gran apreciaci\u00f3n por el liderazgo, el desarrollo de competencias, la colaboraci\u00f3n y el compromiso necesarios para dirigir una organizaci\u00f3n grande y compleja con \u00e9xito. En HSBC, dej\u00f3 su huella como un l\u00edder destacado, natural y visionario que inspir\u00f3 a los equipos a transformar comportamientos y generar un rendimiento extraordinario.<\/p>\n<p>Julius es tambi\u00e9n muy internacional. Durante sus veintitr\u00e9s a\u00f1os en HSBC, vivi\u00f3 y trabaj\u00f3 en ocho pa\u00edses, tres continentes y diez ciudades: Londres, Madrid, Barcelona, \u200b\u200bManila, Ceb\u00fa, Hong Kong, Par\u00eds, Ciudad de M\u00e9xico, Bruselas y Ginebra. Julius tambi\u00e9n estudi\u00f3 y trabaj\u00f3 en Tur\u00edn durante dos a\u00f1os de los cuatro de la universidad. Habla fluidamente y hace coaching, en ingl\u00e9s, franc\u00e9s, espa\u00f1ol e italiano.<\/p>\n<p>Julius esta casado con Maria Jos\u00e9 (espa\u00f1ola) y tienen un hijo adolescente. Les encanta experimentar todo juntos, sobre todo la deliciosa comida, los viajes y los grandes momentos con amigos y familiares.<\/p>\n<p><strong>Informaci<\/strong><strong>\u00f3n adicional<\/strong><\/p>\n<ul>\n<li>Julius es Coach Coactivo Profesional Certificado (CPCC) por The Coaches Training Institute (California)<\/li>\n<li>Julius es un Coach certificado de Sistemas de Relaciones y Organizaciones (ORSCC) con CRR Global (California)<\/li>\n<li>Julius est\u00e1 certificado por The Leadership Circle (Utah) para administrar una serie de evaluaciones de diagn\u00f3stico de liderazgo a nivel ejecutivo, equipos y organizaciones.<\/li>\n<li>Julius est\u00e1 cualificado para realizar sesiones de equipos altamente efectivas y de alto impacto &#8211; como Instructor Ejecutivo Certificado de Firewalking con el Firewalking Institute (Dallas).<\/li>\n<li>Julius tiene un BSc (Hons) en Negocios Europeos y Tecnolog\u00eda y un Diploma para Expertos en Producci\u00f3n Industrial de Brighton University y Turin Polytechnic respectivamente.<\/li>\n<\/ul>\n<p><strong>Nota personal<\/strong><\/p>\n<p>Las biograf\u00edas son cosas realmente extra\u00f1as. Hay que presentarse de la mejor manera posible para asegurarse que la gente conozca tu valor. Puedo decir que soy muy accesible y tranquilo; as\u00ed que no dudes en ponerte en contacto conmigo cuando quieras. Siempre estar\u00e9 encantado de conversar y establecer nuevas relaciones. Mi mayor alegr\u00eda e inspiraci\u00f3n son las personas.<\/p><\/div>\n<!-- \/module text -->\n                        <\/div>\n                    \t\t<\/div>\n\t\t<!-- \/.tb-column -->\n\t\t\n\t\t\n                                <\/div>\n                                <!-- \/row_inner -->\n                        <\/div>\n                        <!-- \/module_row -->\n\t\t<\/div>\n","protected":false},"excerpt":{"rendered":"<p>JULIUS CARDOZA FUNDADOR Julius es fundador y CEO de Oxygen Group, asoci\u00e1ndose con equipos y ejecutivos para desarrollar el liderazgo, las habilidades y estrategias que inspiran a una excelencia que perdure en el tiempo. Sus clientes incluyen empresas internacionales como American Express, ADP, HSBC, Iberdrola, Rituals y Delphi Automotive, entre otros. Las habilidades de Julius [&hellip;]<\/p>\n","protected":false},"author":2,"featured_media":0,"parent":1490,"menu_order":0,"comment_status":"closed","ping_status":"closed","template":"","meta":{"om_disable_all_campaigns":false,"_exactmetrics_skip_tracking":false,"_exactmetrics_sitenote_active":false,"_exactmetrics_sitenote_note":"","_exactmetrics_sitenote_category":0,"footnotes":""},"class_list":["post-1298","page","type-page","status-publish","hentry","has-post-title","has-post-date","has-post-category","has-post-tag","has-post-comment","has-post-author",""],"yoast_head":"<!-- This site is optimized with the Yoast SEO plugin v26.9 - https:\/\/yoast.com\/product\/yoast-seo-wordpress\/ -->\n<title>julius - Oxygen Group<\/title>\n<meta name=\"robots\" content=\"index, follow, max-snippet:-1, max-image-preview:large, max-video-preview:-1\" \/>\n<link rel=\"canonical\" href=\"https:\/\/oxygencoaches.com\/es\/about\/julius-2\/\" \/>\n<meta property=\"og:locale\" content=\"es_ES\" \/>\n<meta property=\"og:type\" content=\"article\" \/>\n<meta property=\"og:title\" content=\"julius - Oxygen Group\" \/>\n<meta property=\"og:description\" content=\"JULIUS CARDOZA FUNDADOR Julius es fundador y CEO de Oxygen Group, asoci\u00e1ndose con equipos y ejecutivos para desarrollar el liderazgo, las habilidades y estrategias que inspiran a una excelencia que perdure en el tiempo. Sus clientes incluyen empresas internacionales como American Express, ADP, HSBC, Iberdrola, Rituals y Delphi Automotive, entre otros. Las habilidades de Julius [&hellip;]\" \/>\n<meta property=\"og:url\" content=\"https:\/\/oxygencoaches.com\/es\/about\/julius-2\/\" \/>\n<meta property=\"og:site_name\" content=\"Oxygen Group\" \/>\n<meta property=\"article:modified_time\" content=\"2017-12-27T16:31:55+00:00\" \/>\n<meta property=\"og:image\" content=\"http:\/\/oxygencoaches.com\/wp-content\/uploads\/2017\/11\/Julius-1.jpg\" \/>\n<meta name=\"twitter:card\" content=\"summary_large_image\" \/>\n<meta name=\"twitter:site\" content=\"@OxygenCoach\" \/>\n<meta name=\"twitter:label1\" content=\"Tiempo de lectura\" \/>\n\t<meta name=\"twitter:data1\" content=\"2 minutos\" \/>\n<script type=\"application\/ld+json\" class=\"yoast-schema-graph\">{\"@context\":\"https:\/\/schema.org\",\"@graph\":[{\"@type\":\"WebPage\",\"@id\":\"https:\/\/oxygencoaches.com\/es\/about\/julius-2\/\",\"url\":\"https:\/\/oxygencoaches.com\/es\/about\/julius-2\/\",\"name\":\"julius - Oxygen Group\",\"isPartOf\":{\"@id\":\"https:\/\/oxygencoaches.com\/#website\"},\"primaryImageOfPage\":{\"@id\":\"https:\/\/oxygencoaches.com\/es\/about\/julius-2\/#primaryimage\"},\"image\":{\"@id\":\"https:\/\/oxygencoaches.com\/es\/about\/julius-2\/#primaryimage\"},\"thumbnailUrl\":\"https:\/\/oxygencoaches.com\/wp-content\/uploads\/2017\/11\/Julius-1.jpg\",\"datePublished\":\"2017-11-06T15:30:03+00:00\",\"dateModified\":\"2017-12-27T16:31:55+00:00\",\"breadcrumb\":{\"@id\":\"https:\/\/oxygencoaches.com\/es\/about\/julius-2\/#breadcrumb\"},\"inLanguage\":\"es\",\"potentialAction\":[{\"@type\":\"ReadAction\",\"target\":[\"https:\/\/oxygencoaches.com\/es\/about\/julius-2\/\"]}]},{\"@type\":\"ImageObject\",\"inLanguage\":\"es\",\"@id\":\"https:\/\/oxygencoaches.com\/es\/about\/julius-2\/#primaryimage\",\"url\":\"https:\/\/oxygencoaches.com\/wp-content\/uploads\/2017\/11\/Julius-1.jpg\",\"contentUrl\":\"https:\/\/oxygencoaches.com\/wp-content\/uploads\/2017\/11\/Julius-1.jpg\"},{\"@type\":\"BreadcrumbList\",\"@id\":\"https:\/\/oxygencoaches.com\/es\/about\/julius-2\/#breadcrumb\",\"itemListElement\":[{\"@type\":\"ListItem\",\"position\":1,\"name\":\"Home\",\"item\":\"https:\/\/oxygencoaches.com\/es\/\"},{\"@type\":\"ListItem\",\"position\":2,\"name\":\"About\",\"item\":\"https:\/\/oxygencoaches.com\/es\/about\/\"},{\"@type\":\"ListItem\",\"position\":3,\"name\":\"julius\"}]},{\"@type\":\"WebSite\",\"@id\":\"https:\/\/oxygencoaches.com\/#website\",\"url\":\"https:\/\/oxygencoaches.com\/\",\"name\":\"Oxygen Group\",\"description\":\"Team Coaching Executive Coaching and Board Retreats\",\"publisher\":{\"@id\":\"https:\/\/oxygencoaches.com\/#organization\"},\"potentialAction\":[{\"@type\":\"SearchAction\",\"target\":{\"@type\":\"EntryPoint\",\"urlTemplate\":\"https:\/\/oxygencoaches.com\/?s={search_term_string}\"},\"query-input\":{\"@type\":\"PropertyValueSpecification\",\"valueRequired\":true,\"valueName\":\"search_term_string\"}}],\"inLanguage\":\"es\"},{\"@type\":\"Organization\",\"@id\":\"https:\/\/oxygencoaches.com\/#organization\",\"name\":\"Oxygen Group\",\"url\":\"https:\/\/oxygencoaches.com\/\",\"logo\":{\"@type\":\"ImageObject\",\"inLanguage\":\"es\",\"@id\":\"https:\/\/oxygencoaches.com\/#\/schema\/logo\/image\/\",\"url\":\"https:\/\/oxygencoaches.com\/wp-content\/uploads\/2017\/11\/logo-oxygen-transparent-bg.png\",\"contentUrl\":\"https:\/\/oxygencoaches.com\/wp-content\/uploads\/2017\/11\/logo-oxygen-transparent-bg.png\",\"width\":286,\"height\":75,\"caption\":\"Oxygen Group\"},\"image\":{\"@id\":\"https:\/\/oxygencoaches.com\/#\/schema\/logo\/image\/\"},\"sameAs\":[\"https:\/\/x.com\/OxygenCoach\",\"https:\/\/www.instagram.com\/oxygencoach\/?hl=en\",\"https:\/\/www.linkedin.com\/in\/juliuscardoza\"]}]}<\/script>\n<!-- \/ Yoast SEO plugin. -->","yoast_head_json":{"title":"julius - Oxygen Group","robots":{"index":"index","follow":"follow","max-snippet":"max-snippet:-1","max-image-preview":"max-image-preview:large","max-video-preview":"max-video-preview:-1"},"canonical":"https:\/\/oxygencoaches.com\/es\/about\/julius-2\/","og_locale":"es_ES","og_type":"article","og_title":"julius - Oxygen Group","og_description":"JULIUS CARDOZA FUNDADOR Julius es fundador y CEO de Oxygen Group, asoci\u00e1ndose con equipos y ejecutivos para desarrollar el liderazgo, las habilidades y estrategias que inspiran a una excelencia que perdure en el tiempo. Sus clientes incluyen empresas internacionales como American Express, ADP, HSBC, Iberdrola, Rituals y Delphi Automotive, entre otros. Las habilidades de Julius [&hellip;]","og_url":"https:\/\/oxygencoaches.com\/es\/about\/julius-2\/","og_site_name":"Oxygen Group","article_modified_time":"2017-12-27T16:31:55+00:00","og_image":[{"url":"http:\/\/oxygencoaches.com\/wp-content\/uploads\/2017\/11\/Julius-1.jpg","type":"","width":"","height":""}],"twitter_card":"summary_large_image","twitter_site":"@OxygenCoach","twitter_misc":{"Tiempo de lectura":"2 minutos"},"schema":{"@context":"https:\/\/schema.org","@graph":[{"@type":"WebPage","@id":"https:\/\/oxygencoaches.com\/es\/about\/julius-2\/","url":"https:\/\/oxygencoaches.com\/es\/about\/julius-2\/","name":"julius - Oxygen Group","isPartOf":{"@id":"https:\/\/oxygencoaches.com\/#website"},"primaryImageOfPage":{"@id":"https:\/\/oxygencoaches.com\/es\/about\/julius-2\/#primaryimage"},"image":{"@id":"https:\/\/oxygencoaches.com\/es\/about\/julius-2\/#primaryimage"},"thumbnailUrl":"https:\/\/oxygencoaches.com\/wp-content\/uploads\/2017\/11\/Julius-1.jpg","datePublished":"2017-11-06T15:30:03+00:00","dateModified":"2017-12-27T16:31:55+00:00","breadcrumb":{"@id":"https:\/\/oxygencoaches.com\/es\/about\/julius-2\/#breadcrumb"},"inLanguage":"es","potentialAction":[{"@type":"ReadAction","target":["https:\/\/oxygencoaches.com\/es\/about\/julius-2\/"]}]},{"@type":"ImageObject","inLanguage":"es","@id":"https:\/\/oxygencoaches.com\/es\/about\/julius-2\/#primaryimage","url":"https:\/\/oxygencoaches.com\/wp-content\/uploads\/2017\/11\/Julius-1.jpg","contentUrl":"https:\/\/oxygencoaches.com\/wp-content\/uploads\/2017\/11\/Julius-1.jpg"},{"@type":"BreadcrumbList","@id":"https:\/\/oxygencoaches.com\/es\/about\/julius-2\/#breadcrumb","itemListElement":[{"@type":"ListItem","position":1,"name":"Home","item":"https:\/\/oxygencoaches.com\/es\/"},{"@type":"ListItem","position":2,"name":"About","item":"https:\/\/oxygencoaches.com\/es\/about\/"},{"@type":"ListItem","position":3,"name":"julius"}]},{"@type":"WebSite","@id":"https:\/\/oxygencoaches.com\/#website","url":"https:\/\/oxygencoaches.com\/","name":"Oxygen Group","description":"Team Coaching Executive Coaching and Board Retreats","publisher":{"@id":"https:\/\/oxygencoaches.com\/#organization"},"potentialAction":[{"@type":"SearchAction","target":{"@type":"EntryPoint","urlTemplate":"https:\/\/oxygencoaches.com\/?s={search_term_string}"},"query-input":{"@type":"PropertyValueSpecification","valueRequired":true,"valueName":"search_term_string"}}],"inLanguage":"es"},{"@type":"Organization","@id":"https:\/\/oxygencoaches.com\/#organization","name":"Oxygen Group","url":"https:\/\/oxygencoaches.com\/","logo":{"@type":"ImageObject","inLanguage":"es","@id":"https:\/\/oxygencoaches.com\/#\/schema\/logo\/image\/","url":"https:\/\/oxygencoaches.com\/wp-content\/uploads\/2017\/11\/logo-oxygen-transparent-bg.png","contentUrl":"https:\/\/oxygencoaches.com\/wp-content\/uploads\/2017\/11\/logo-oxygen-transparent-bg.png","width":286,"height":75,"caption":"Oxygen Group"},"image":{"@id":"https:\/\/oxygencoaches.com\/#\/schema\/logo\/image\/"},"sameAs":["https:\/\/x.com\/OxygenCoach","https:\/\/www.instagram.com\/oxygencoach\/?hl=en","https:\/\/www.linkedin.com\/in\/juliuscardoza"]}]}},"jetpack_sharing_enabled":true,"_links":{"self":[{"href":"https:\/\/oxygencoaches.com\/es\/wp-json\/wp\/v2\/pages\/1298","targetHints":{"allow":["GET"]}}],"collection":[{"href":"https:\/\/oxygencoaches.com\/es\/wp-json\/wp\/v2\/pages"}],"about":[{"href":"https:\/\/oxygencoaches.com\/es\/wp-json\/wp\/v2\/types\/page"}],"author":[{"embeddable":true,"href":"https:\/\/oxygencoaches.com\/es\/wp-json\/wp\/v2\/users\/2"}],"replies":[{"embeddable":true,"href":"https:\/\/oxygencoaches.com\/es\/wp-json\/wp\/v2\/comments?post=1298"}],"version-history":[{"count":6,"href":"https:\/\/oxygencoaches.com\/es\/wp-json\/wp\/v2\/pages\/1298\/revisions"}],"predecessor-version":[{"id":1676,"href":"https:\/\/oxygencoaches.com\/es\/wp-json\/wp\/v2\/pages\/1298\/revisions\/1676"}],"up":[{"embeddable":true,"href":"https:\/\/oxygencoaches.com\/es\/wp-json\/wp\/v2\/pages\/1490"}],"wp:attachment":[{"href":"https:\/\/oxygencoaches.com\/es\/wp-json\/wp\/v2\/media?parent=1298"}],"curies":[{"name":"wp","href":"https:\/\/api.w.org\/{rel}","templated":true}]}}