{"id":1344,"date":"2017-11-08T01:53:24","date_gmt":"2017-11-08T01:53:24","guid":{"rendered":"http:\/\/oxygencoaches.com\/family-business-coaching\/"},"modified":"2017-11-26T01:10:52","modified_gmt":"2017-11-26T01:10:52","slug":"family-business-coaching","status":"publish","type":"page","link":"https:\/\/oxygencoaches.com\/es\/services\/family-business-coaching\/","title":{"rendered":"Family Business Coaching"},"content":{"rendered":"<div id=\"themify_builder_content-1344\" data-postid=\"1344\" class=\"themify_builder_content themify_builder_content-1344 themify_builder\">\n\n    \t\n\t\t<!-- module_row -->\n\t\t\t<div  class=\"themify_builder_row module_row clearfix builder-parallax-scrolling bg-position-center-bottom fullwidth_row_container module_row_0 themify_builder_1344_row module_row_1344-0\">\n\t\t\t\t<div class=\"builder_row_cover \"><\/div>                                <div class=\"row_inner \" >\n\n                                    \n\t\t<div  class=\"tb-column col-full first module_column tb_1344_column module_column_0 module_column_1344-0-0\" >\n                                                                <div class=\"tb-column-inner\">\n                            \n\n<!-- module text -->\n<div  id=\"text-1344-0-0-0\" class=\"module module-text text-1344-0-0-0  repeat \">\n    \n    <h1>Coaching de Empresas Familiares<\/h1><\/div>\n<!-- \/module text -->\n\n\n<!-- module text -->\n<div  id=\"text-1344-0-0-1\" class=\"module module-text text-1344-0-0-1  repeat \">\n    \n    <h2>La forma en que hoy act\u00faas, siempre ser\u00e1 recordada.<\/h2><\/div>\n<!-- \/module text -->\n                        <\/div>\n                    \t\t<\/div>\n\t\t<!-- \/.tb-column -->\n\t\t\n\t\t\n                                <\/div>\n                                <!-- \/row_inner -->\n                        <\/div>\n                        <!-- \/module_row -->\n\t\t\t\n\t\t<!-- module_row -->\n\t\t\t<div  class=\"themify_builder_row module_row clearfix fullwidth_row_container module_row_1 themify_builder_1344_row module_row_1344-1\">\n\t\t\t\t                                <div class=\"row_inner \" >\n\n                                    \n\t\t<div  class=\"tb-column col-full first module_column tb_1344_column module_column_0 module_column_1344-1-0\" >\n                                                                <div class=\"tb-column-inner\">\n                            \t\t<div class=\"themify_builder_sub_row module_subrow clearfix sub_row_1-0-0\">\n\t\t                    <div class=\"subrow_inner \" >\n                                       <div  class=\"col4-2 sub_column module_column first sub_column_post_1344 sub_column_1-0-0-0\"> \n                                                              <div class=\"tb-column-inner\">\n                            \n\n<!-- module text -->\n<div  id=\"text-1344-sub_row_1-0-0-0-0\" class=\"module module-text text-1344-sub_row_1-0-0-0-0  repeat \">\n    \n    <h5>Empresas Familiares<\/h5><\/div>\n<!-- \/module text -->\n\n\n<!-- module text -->\n<div  id=\"text-1344-sub_row_1-0-0-0-1\" class=\"module module-text text-1344-sub_row_1-0-0-0-1  repeat \">\n    \n    <p>Las empresas familiares tienen sus propios desaf\u00edos que se derivan de su compleja estructura, compuesta de tres sistemas superpuestos: familia, empresa y propiedad.<\/p>\n<p>Organizar una direcci\u00f3n responsable, el compromiso y el avance de la pr\u00f3xima generaci\u00f3n y la implementaci\u00f3n de cambios generacionales son algunos de los objetivos a lograr.<\/p>\n<p>Tenemos una amplia experiencia en negocios as\u00ed como en administraci\u00f3n de patrimonio. Nuestro coaching especializado en negocios familiares es capaz de encauzar el entendimiento entre las \u00e1reas problem\u00e1ticas, de manera que se minimice la posibilidad de fricci\u00f3n y confrontaci\u00f3n. As\u00ed se desarrollan las habilidades y la resiliencia necesaria para enfrentarse a ellas siempre que sea necesario.<\/p>\n<p>Nos sentimos c\u00f3modos trabajando con empresas familiares multigeneracionales, multinacionales, peque\u00f1as y grandes para fomentar su crecimiento y continuidad con un enfoque familiar unificado y coherente.<\/p><\/div>\n<!-- \/module text -->\n                        <\/div>\n                                   <\/div>\n\t\t               <div  class=\"col4-2 sub_column module_column last sub_column_post_1344 sub_column_1-0-0-1\"> \n                                                              <div class=\"tb-column-inner\">\n                            \n\n    <!-- module image -->\n    <div  id=\"image-1344-sub_row_1-0-0-1-0\" class=\"module module-image image-1344-sub_row_1-0-0-1-0  image-top  \">\n\n        \n        <div class=\"image-wrap\">\n                            <img loading=\"lazy\" decoding=\"async\" width=\"600\" height=\"600\" src=\"https:\/\/oxygencoaches.com\/wp-content\/uploads\/2017\/10\/16-Family-Business-Safety-Clips-copy.jpg\" class=\" wp-post-image wp-image-135\" alt=\"16 Family Business - Safety Clips copy\" srcset=\"https:\/\/oxygencoaches.com\/wp-content\/uploads\/2017\/10\/16-Family-Business-Safety-Clips-copy.jpg 600w, https:\/\/oxygencoaches.com\/wp-content\/uploads\/2017\/10\/16-Family-Business-Safety-Clips-copy-150x150.jpg 150w, https:\/\/oxygencoaches.com\/wp-content\/uploads\/2017\/10\/16-Family-Business-Safety-Clips-copy-300x300.jpg 300w\" sizes=\"auto, (max-width: 600px) 100vw, 600px\" \/>            \n                        <\/div>\n            <!-- \/image-wrap -->\n        \n        \n            <\/div>\n    <!-- \/module image -->\n\n                        <\/div>\n                                   <\/div>\n\t\t                    <\/div>\n                <\/div><!-- \/themify_builder_sub_row -->\n                                        <\/div>\n                    \t\t<\/div>\n\t\t<!-- \/.tb-column -->\n\t\t\n\t\t\n                                <\/div>\n                                <!-- \/row_inner -->\n                        <\/div>\n                        <!-- \/module_row -->\n\t\t<\/div>\n","protected":false},"excerpt":{"rendered":"<p>Coaching de Empresas Familiares La forma en que hoy act\u00faas, siempre ser\u00e1 recordada. Empresas Familiares Las empresas familiares tienen sus propios desaf\u00edos que se derivan de su compleja estructura, compuesta de tres sistemas superpuestos: familia, empresa y propiedad. Organizar una direcci\u00f3n responsable, el compromiso y el avance de la pr\u00f3xima generaci\u00f3n y la implementaci\u00f3n de [&hellip;]<\/p>\n","protected":false},"author":2,"featured_media":0,"parent":1495,"menu_order":0,"comment_status":"closed","ping_status":"closed","template":"","meta":{"om_disable_all_campaigns":false,"_exactmetrics_skip_tracking":false,"_exactmetrics_sitenote_active":false,"_exactmetrics_sitenote_note":"","_exactmetrics_sitenote_category":0,"footnotes":""},"class_list":["post-1344","page","type-page","status-publish","hentry","has-post-title","has-post-date","has-post-category","has-post-tag","has-post-comment","has-post-author",""],"yoast_head":"<!-- This site is optimized with the Yoast SEO plugin v26.9 - https:\/\/yoast.com\/product\/yoast-seo-wordpress\/ -->\n<title>Family Business Coaching - Oxygen Group<\/title>\n<meta name=\"robots\" content=\"index, follow, max-snippet:-1, max-image-preview:large, max-video-preview:-1\" \/>\n<link rel=\"canonical\" href=\"https:\/\/oxygencoaches.com\/es\/services\/family-business-coaching\/\" \/>\n<meta property=\"og:locale\" content=\"es_ES\" \/>\n<meta property=\"og:type\" content=\"article\" \/>\n<meta property=\"og:title\" content=\"Family Business Coaching - Oxygen Group\" \/>\n<meta property=\"og:description\" content=\"Coaching de Empresas Familiares La forma en que hoy act\u00faas, siempre ser\u00e1 recordada. Empresas Familiares Las empresas familiares tienen sus propios desaf\u00edos que se derivan de su compleja estructura, compuesta de tres sistemas superpuestos: familia, empresa y propiedad. Organizar una direcci\u00f3n responsable, el compromiso y el avance de la pr\u00f3xima generaci\u00f3n y la implementaci\u00f3n de [&hellip;]\" \/>\n<meta property=\"og:url\" content=\"https:\/\/oxygencoaches.com\/es\/services\/family-business-coaching\/\" \/>\n<meta property=\"og:site_name\" content=\"Oxygen Group\" \/>\n<meta property=\"article:modified_time\" content=\"2017-11-26T01:10:52+00:00\" \/>\n<meta property=\"og:image\" content=\"http:\/\/oxygencoaches.com\/wp-content\/uploads\/2017\/10\/16-Family-Business-Safety-Clips-copy.jpg\" \/>\n<meta name=\"twitter:card\" content=\"summary_large_image\" \/>\n<meta name=\"twitter:site\" content=\"@OxygenCoach\" \/>\n<meta name=\"twitter:label1\" content=\"Tiempo de lectura\" \/>\n\t<meta name=\"twitter:data1\" content=\"1 minuto\" \/>\n<script type=\"application\/ld+json\" class=\"yoast-schema-graph\">{\"@context\":\"https:\/\/schema.org\",\"@graph\":[{\"@type\":\"WebPage\",\"@id\":\"https:\/\/oxygencoaches.com\/es\/services\/family-business-coaching\/\",\"url\":\"https:\/\/oxygencoaches.com\/es\/services\/family-business-coaching\/\",\"name\":\"Family Business Coaching - Oxygen Group\",\"isPartOf\":{\"@id\":\"https:\/\/oxygencoaches.com\/#website\"},\"primaryImageOfPage\":{\"@id\":\"https:\/\/oxygencoaches.com\/es\/services\/family-business-coaching\/#primaryimage\"},\"image\":{\"@id\":\"https:\/\/oxygencoaches.com\/es\/services\/family-business-coaching\/#primaryimage\"},\"thumbnailUrl\":\"https:\/\/oxygencoaches.com\/wp-content\/uploads\/2017\/10\/16-Family-Business-Safety-Clips-copy.jpg\",\"datePublished\":\"2017-11-08T01:53:24+00:00\",\"dateModified\":\"2017-11-26T01:10:52+00:00\",\"breadcrumb\":{\"@id\":\"https:\/\/oxygencoaches.com\/es\/services\/family-business-coaching\/#breadcrumb\"},\"inLanguage\":\"es\",\"potentialAction\":[{\"@type\":\"ReadAction\",\"target\":[\"https:\/\/oxygencoaches.com\/es\/services\/family-business-coaching\/\"]}]},{\"@type\":\"ImageObject\",\"inLanguage\":\"es\",\"@id\":\"https:\/\/oxygencoaches.com\/es\/services\/family-business-coaching\/#primaryimage\",\"url\":\"https:\/\/oxygencoaches.com\/wp-content\/uploads\/2017\/10\/16-Family-Business-Safety-Clips-copy.jpg\",\"contentUrl\":\"https:\/\/oxygencoaches.com\/wp-content\/uploads\/2017\/10\/16-Family-Business-Safety-Clips-copy.jpg\"},{\"@type\":\"BreadcrumbList\",\"@id\":\"https:\/\/oxygencoaches.com\/es\/services\/family-business-coaching\/#breadcrumb\",\"itemListElement\":[{\"@type\":\"ListItem\",\"position\":1,\"name\":\"Home\",\"item\":\"https:\/\/oxygencoaches.com\/es\/\"},{\"@type\":\"ListItem\",\"position\":2,\"name\":\"Services\",\"item\":\"https:\/\/oxygencoaches.com\/es\/services\/\"},{\"@type\":\"ListItem\",\"position\":3,\"name\":\"Family Business Coaching\"}]},{\"@type\":\"WebSite\",\"@id\":\"https:\/\/oxygencoaches.com\/#website\",\"url\":\"https:\/\/oxygencoaches.com\/\",\"name\":\"Oxygen Group\",\"description\":\"Team Coaching Executive Coaching and Board Retreats\",\"publisher\":{\"@id\":\"https:\/\/oxygencoaches.com\/#organization\"},\"potentialAction\":[{\"@type\":\"SearchAction\",\"target\":{\"@type\":\"EntryPoint\",\"urlTemplate\":\"https:\/\/oxygencoaches.com\/?s={search_term_string}\"},\"query-input\":{\"@type\":\"PropertyValueSpecification\",\"valueRequired\":true,\"valueName\":\"search_term_string\"}}],\"inLanguage\":\"es\"},{\"@type\":\"Organization\",\"@id\":\"https:\/\/oxygencoaches.com\/#organization\",\"name\":\"Oxygen Group\",\"url\":\"https:\/\/oxygencoaches.com\/\",\"logo\":{\"@type\":\"ImageObject\",\"inLanguage\":\"es\",\"@id\":\"https:\/\/oxygencoaches.com\/#\/schema\/logo\/image\/\",\"url\":\"https:\/\/oxygencoaches.com\/wp-content\/uploads\/2017\/11\/logo-oxygen-transparent-bg.png\",\"contentUrl\":\"https:\/\/oxygencoaches.com\/wp-content\/uploads\/2017\/11\/logo-oxygen-transparent-bg.png\",\"width\":286,\"height\":75,\"caption\":\"Oxygen Group\"},\"image\":{\"@id\":\"https:\/\/oxygencoaches.com\/#\/schema\/logo\/image\/\"},\"sameAs\":[\"https:\/\/x.com\/OxygenCoach\",\"https:\/\/www.instagram.com\/oxygencoach\/?hl=en\",\"https:\/\/www.linkedin.com\/in\/juliuscardoza\"]}]}<\/script>\n<!-- \/ Yoast SEO plugin. -->","yoast_head_json":{"title":"Family Business Coaching - Oxygen Group","robots":{"index":"index","follow":"follow","max-snippet":"max-snippet:-1","max-image-preview":"max-image-preview:large","max-video-preview":"max-video-preview:-1"},"canonical":"https:\/\/oxygencoaches.com\/es\/services\/family-business-coaching\/","og_locale":"es_ES","og_type":"article","og_title":"Family Business Coaching - Oxygen Group","og_description":"Coaching de Empresas Familiares La forma en que hoy act\u00faas, siempre ser\u00e1 recordada. Empresas Familiares Las empresas familiares tienen sus propios desaf\u00edos que se derivan de su compleja estructura, compuesta de tres sistemas superpuestos: familia, empresa y propiedad. Organizar una direcci\u00f3n responsable, el compromiso y el avance de la pr\u00f3xima generaci\u00f3n y la implementaci\u00f3n de [&hellip;]","og_url":"https:\/\/oxygencoaches.com\/es\/services\/family-business-coaching\/","og_site_name":"Oxygen Group","article_modified_time":"2017-11-26T01:10:52+00:00","og_image":[{"url":"http:\/\/oxygencoaches.com\/wp-content\/uploads\/2017\/10\/16-Family-Business-Safety-Clips-copy.jpg","type":"","width":"","height":""}],"twitter_card":"summary_large_image","twitter_site":"@OxygenCoach","twitter_misc":{"Tiempo de lectura":"1 minuto"},"schema":{"@context":"https:\/\/schema.org","@graph":[{"@type":"WebPage","@id":"https:\/\/oxygencoaches.com\/es\/services\/family-business-coaching\/","url":"https:\/\/oxygencoaches.com\/es\/services\/family-business-coaching\/","name":"Family Business Coaching - Oxygen Group","isPartOf":{"@id":"https:\/\/oxygencoaches.com\/#website"},"primaryImageOfPage":{"@id":"https:\/\/oxygencoaches.com\/es\/services\/family-business-coaching\/#primaryimage"},"image":{"@id":"https:\/\/oxygencoaches.com\/es\/services\/family-business-coaching\/#primaryimage"},"thumbnailUrl":"https:\/\/oxygencoaches.com\/wp-content\/uploads\/2017\/10\/16-Family-Business-Safety-Clips-copy.jpg","datePublished":"2017-11-08T01:53:24+00:00","dateModified":"2017-11-26T01:10:52+00:00","breadcrumb":{"@id":"https:\/\/oxygencoaches.com\/es\/services\/family-business-coaching\/#breadcrumb"},"inLanguage":"es","potentialAction":[{"@type":"ReadAction","target":["https:\/\/oxygencoaches.com\/es\/services\/family-business-coaching\/"]}]},{"@type":"ImageObject","inLanguage":"es","@id":"https:\/\/oxygencoaches.com\/es\/services\/family-business-coaching\/#primaryimage","url":"https:\/\/oxygencoaches.com\/wp-content\/uploads\/2017\/10\/16-Family-Business-Safety-Clips-copy.jpg","contentUrl":"https:\/\/oxygencoaches.com\/wp-content\/uploads\/2017\/10\/16-Family-Business-Safety-Clips-copy.jpg"},{"@type":"BreadcrumbList","@id":"https:\/\/oxygencoaches.com\/es\/services\/family-business-coaching\/#breadcrumb","itemListElement":[{"@type":"ListItem","position":1,"name":"Home","item":"https:\/\/oxygencoaches.com\/es\/"},{"@type":"ListItem","position":2,"name":"Services","item":"https:\/\/oxygencoaches.com\/es\/services\/"},{"@type":"ListItem","position":3,"name":"Family Business Coaching"}]},{"@type":"WebSite","@id":"https:\/\/oxygencoaches.com\/#website","url":"https:\/\/oxygencoaches.com\/","name":"Oxygen Group","description":"Team Coaching Executive Coaching and Board Retreats","publisher":{"@id":"https:\/\/oxygencoaches.com\/#organization"},"potentialAction":[{"@type":"SearchAction","target":{"@type":"EntryPoint","urlTemplate":"https:\/\/oxygencoaches.com\/?s={search_term_string}"},"query-input":{"@type":"PropertyValueSpecification","valueRequired":true,"valueName":"search_term_string"}}],"inLanguage":"es"},{"@type":"Organization","@id":"https:\/\/oxygencoaches.com\/#organization","name":"Oxygen Group","url":"https:\/\/oxygencoaches.com\/","logo":{"@type":"ImageObject","inLanguage":"es","@id":"https:\/\/oxygencoaches.com\/#\/schema\/logo\/image\/","url":"https:\/\/oxygencoaches.com\/wp-content\/uploads\/2017\/11\/logo-oxygen-transparent-bg.png","contentUrl":"https:\/\/oxygencoaches.com\/wp-content\/uploads\/2017\/11\/logo-oxygen-transparent-bg.png","width":286,"height":75,"caption":"Oxygen Group"},"image":{"@id":"https:\/\/oxygencoaches.com\/#\/schema\/logo\/image\/"},"sameAs":["https:\/\/x.com\/OxygenCoach","https:\/\/www.instagram.com\/oxygencoach\/?hl=en","https:\/\/www.linkedin.com\/in\/juliuscardoza"]}]}},"jetpack_sharing_enabled":true,"_links":{"self":[{"href":"https:\/\/oxygencoaches.com\/es\/wp-json\/wp\/v2\/pages\/1344","targetHints":{"allow":["GET"]}}],"collection":[{"href":"https:\/\/oxygencoaches.com\/es\/wp-json\/wp\/v2\/pages"}],"about":[{"href":"https:\/\/oxygencoaches.com\/es\/wp-json\/wp\/v2\/types\/page"}],"author":[{"embeddable":true,"href":"https:\/\/oxygencoaches.com\/es\/wp-json\/wp\/v2\/users\/2"}],"replies":[{"embeddable":true,"href":"https:\/\/oxygencoaches.com\/es\/wp-json\/wp\/v2\/comments?post=1344"}],"version-history":[{"count":6,"href":"https:\/\/oxygencoaches.com\/es\/wp-json\/wp\/v2\/pages\/1344\/revisions"}],"predecessor-version":[{"id":1621,"href":"https:\/\/oxygencoaches.com\/es\/wp-json\/wp\/v2\/pages\/1344\/revisions\/1621"}],"up":[{"embeddable":true,"href":"https:\/\/oxygencoaches.com\/es\/wp-json\/wp\/v2\/pages\/1495"}],"wp:attachment":[{"href":"https:\/\/oxygencoaches.com\/es\/wp-json\/wp\/v2\/media?parent=1344"}],"curies":[{"name":"wp","href":"https:\/\/api.w.org\/{rel}","templated":true}]}}