{"id":1370,"date":"2017-11-08T01:55:32","date_gmt":"2017-11-08T01:55:32","guid":{"rendered":"http:\/\/oxygencoaches.com\/coach-mentor-training\/"},"modified":"2017-11-26T01:23:24","modified_gmt":"2017-11-26T01:23:24","slug":"coach-mentor-training","status":"publish","type":"page","link":"https:\/\/oxygencoaches.com\/es\/services\/coach-mentor-training\/","title":{"rendered":"Coach-Mentor Training"},"content":{"rendered":"<div id=\"themify_builder_content-1370\" data-postid=\"1370\" class=\"themify_builder_content themify_builder_content-1370 themify_builder\">\n\n    \t\n\t\t<!-- module_row -->\n\t\t\t<div  class=\"themify_builder_row module_row clearfix builder-parallax-scrolling bg-position-center-top fullwidth_row_container module_row_0 themify_builder_1370_row module_row_1370-0\">\n\t\t\t\t<div class=\"builder_row_cover \"><\/div>                                <div class=\"row_inner \" >\n\n                                    \n\t\t<div  class=\"tb-column col-full first module_column tb_1370_column module_column_0 module_column_1370-0-0\" >\n                                                                <div class=\"tb-column-inner\">\n                            \n\n<!-- module text -->\n<div  id=\"text-1370-0-0-0\" class=\"module module-text text-1370-0-0-0  repeat \">\n    \n    <h1>Formaci\u00f3n Coach-Mentoring<\/h1><\/div>\n<!-- \/module text -->\n\n\n<!-- module text -->\n<div  id=\"text-1370-0-0-1\" class=\"module module-text text-1370-0-0-1  repeat \">\n    \n    <h2>Habilidades esenciales para el l\u00edder exitoso<\/h2><\/div>\n<!-- \/module text -->\n                        <\/div>\n                    \t\t<\/div>\n\t\t<!-- \/.tb-column -->\n\t\t\n\t\t\n                                <\/div>\n                                <!-- \/row_inner -->\n                        <\/div>\n                        <!-- \/module_row -->\n\t\t\t\n\t\t<!-- module_row -->\n\t\t\t<div  class=\"themify_builder_row module_row clearfix repeat fullwidth_row_container module_row_1 themify_builder_1370_row module_row_1370-1\">\n\t\t\t\t                                <div class=\"row_inner \" >\n\n                                    \n\t\t<div  class=\"tb-column col-full first module_column tb_1370_column module_column_0 module_column_1370-1-0\" >\n                                                                <div class=\"tb-column-inner\">\n                            \n\n<!-- module text -->\n<div  id=\"text-1370-1-0-0\" class=\"module module-text text-1370-1-0-0  repeat \">\n    \n    <h4 style=\"text-align: center;\">\u00bfQUE ES <b>COACH-MENTOR<\/b><strong>?<\/strong><\/h4><\/div>\n<!-- \/module text -->\n\n\n<!-- module text -->\n<div  id=\"text-1370-1-0-1\" class=\"module module-text text-1370-1-0-1  repeat \">\n    \n    <h2>La competencia de Coach y Mentor es la capacidad de fomentar el desarrollo a largo plazo de los dem\u00e1s mediante la retroalimentaci\u00f3n y el apoyo. Son unas competencias sociales e individuales esenciales para los l\u00edderes en cualquier nivel.<\/h2><\/div>\n<!-- \/module text -->\n                        <\/div>\n                    \t\t<\/div>\n\t\t<!-- \/.tb-column -->\n\t\t\n\t\t\n                                <\/div>\n                                <!-- \/row_inner -->\n                        <\/div>\n                        <!-- \/module_row -->\n\t\t\t\n\t\t<!-- module_row -->\n\t\t\t<div  class=\"themify_builder_row module_row clearfix fullwidth_row_container module_row_2 themify_builder_1370_row module_row_1370-2\">\n\t\t\t\t                                <div class=\"row_inner \" >\n\n                                    \n\t\t<div  class=\"tb-column col-full first module_column tb_1370_column module_column_0 module_column_1370-2-0\" >\n                                                                <div class=\"tb-column-inner\">\n                            \t\t<div class=\"themify_builder_sub_row module_subrow clearfix sub_row_2-0-0\">\n\t\t                    <div class=\"subrow_inner \" >\n                                       <div  class=\"col4-2 sub_column module_column first sub_column_post_1370 sub_column_2-0-0-0\"> \n                                                              <div class=\"tb-column-inner\">\n                            \n\n<!-- module text -->\n<div  id=\"text-1370-sub_row_2-0-0-0-0\" class=\"module module-text text-1370-sub_row_2-0-0-0-0  repeat \">\n    \n    <p>LOS <strong>BENEFICIOS<\/strong><\/p><\/div>\n<!-- \/module text -->\n\n\n<!-- module text -->\n<div  id=\"text-1370-sub_row_2-0-0-0-1\" class=\"module module-text text-1370-sub_row_2-0-0-0-1  repeat \">\n    \n    <p>Tanto el Mentoring como el Coaching son herramientas corporativas altamente efectivas para aprovechar el conocimiento interno y la experiencia, para crecer y consolidar el capital humano, enriquecer la cultura interna y proporcionar un fuerte impulso a sus resultados.<\/p>\n<p>Algunas de las ventajas clave de desarrollar mentores-coaches fuertes y comprometidos internamente son:<\/p>\n<p>\u00a0\u00a0 \u2726\u00a0 Ellos entienden el contexto comercial y el ambiente. La<br \/>\u00a0\u00a0\u00a0\u00a0\u00a0\u00a0\u00a0 empresa es capaz de obtener m\u00e1s valor del su<br \/>\u00a0\u00a0\u00a0\u00a0\u00a0\u00a0\u00a0 presupuesto destinado a formaci\u00f3n.<\/p>\n<p>\u00a0\u00a0 \u2726\u00a0 Desarrolla un liderazgo que refleja los valores y la<br \/>\u00a0\u00a0\u00a0\u00a0\u00a0\u00a0\u00a0 cultura de la empresa y est\u00e1 m\u00e1s involucrado en el<br \/>\u00a0\u00a0\u00a0\u00a0\u00a0\u00a0\u00a0 desarrollo del talento interno.<\/p>\n<p>\u00a0\u00a0 \u2726\u00a0 Apoya la gesti\u00f3n del rendimiento de la direcci\u00f3n: los<br \/>\u00a0\u00a0\u00a0\u00a0\u00a0\u00a0\u00a0 empleados se centran en su crecimiento personal y<br \/>\u00a0\u00a0\u00a0\u00a0\u00a0\u00a0\u00a0 avance profesional y tienen el reto de mejorarse, ser<br \/>\u00a0\u00a0\u00a0\u00a0\u00a0\u00a0\u00a0 m\u00e1s autosuficientes y productivos.<\/p>\n<p>\u00a0\u00a0 \u2726\u00a0 Brinda una mayor visibilidad a los mentores &#8211; coaches<br \/>\u00a0\u00a0\u00a0\u00a0\u00a0\u00a0\u00a0 dentro de la empresa, permiti\u00e9ndoles compartir las<br \/>\u00a0\u00a0\u00a0\u00a0\u00a0\u00a0\u00a0 pr\u00e1cticas, perspectivas y experiencias que han<br \/>\u00a0\u00a0\u00a0\u00a0\u00a0\u00a0\u00a0 contribuido a su \u00e9xito.<\/p>\n<p>\u00a0\u00a0 \u2726\u00a0 La satisfacci\u00f3n laboral y el compromiso aumentan.<\/p>\n<p>\u00a0\u00a0 \u2726\u00a0 Las habilidades y el conocimiento se transmiten dentro<br \/>\u00a0\u00a0\u00a0\u00a0\u00a0\u00a0\u00a0 de la empresa<\/p>\n<p>\u00a0\u00a0 \u2726\u00a0 Mejor comunicaci\u00f3n dentro de los equipos y entre los<br \/>\u00a0\u00a0\u00a0\u00a0\u00a0\u00a0\u00a0 equipos.<\/p><\/div>\n<!-- \/module text -->\n                        <\/div>\n                                   <\/div>\n\t\t               <div  class=\"col4-2 sub_column module_column last sub_column_post_1370 sub_column_2-0-0-1\"> \n                                                              <div class=\"tb-column-inner\">\n                            \n\n    <!-- module image -->\n    <div  id=\"image-1370-sub_row_2-0-0-1-0\" class=\"module module-image image-1370-sub_row_2-0-0-1-0  image-center  \">\n\n        \n        <div class=\"image-wrap\">\n                            <img loading=\"lazy\" decoding=\"async\" width=\"800\" height=\"800\" src=\"https:\/\/oxygencoaches.com\/wp-content\/uploads\/2017\/10\/18-The-Benefits-Matryoshka-copy.jpg\" class=\" wp-post-image wp-image-154\" alt=\"18 The Benefits - Matryoshka copy\" srcset=\"https:\/\/oxygencoaches.com\/wp-content\/uploads\/2017\/10\/18-The-Benefits-Matryoshka-copy.jpg 800w, https:\/\/oxygencoaches.com\/wp-content\/uploads\/2017\/10\/18-The-Benefits-Matryoshka-copy-150x150.jpg 150w, https:\/\/oxygencoaches.com\/wp-content\/uploads\/2017\/10\/18-The-Benefits-Matryoshka-copy-300x300.jpg 300w, https:\/\/oxygencoaches.com\/wp-content\/uploads\/2017\/10\/18-The-Benefits-Matryoshka-copy-768x768.jpg 768w\" sizes=\"auto, (max-width: 800px) 100vw, 800px\" \/>            \n                        <\/div>\n            <!-- \/image-wrap -->\n        \n        \n            <\/div>\n    <!-- \/module image -->\n\n                        <\/div>\n                                   <\/div>\n\t\t                    <\/div>\n                <\/div><!-- \/themify_builder_sub_row -->\n                                        <\/div>\n                    \t\t<\/div>\n\t\t<!-- \/.tb-column -->\n\t\t\n\t\t\n                                <\/div>\n                                <!-- \/row_inner -->\n                        <\/div>\n                        <!-- \/module_row -->\n\t\t\t\n\t\t<!-- module_row -->\n\t\t\t<div  class=\"themify_builder_row module_row clearfix repeat fullwidth module_row_3 themify_builder_1370_row module_row_1370-3\">\n\t\t\t\t                                <div class=\"row_inner \" >\n\n                                    \n\t\t<div  class=\"tb-column col-full first module_column tb_1370_column module_column_0 module_column_1370-3-0\" >\n                                                                <div class=\"tb-column-inner\">\n                            \n\n    <!-- module divider -->\n    <div  id=\"divider-1370-3-0-0\" class=\"module module-divider divider-1370-3-0-0 solid    \" style=\"border-width: 1px;border-color: #ebebeb;\">\n            <\/div>\n    <!-- \/module divider -->\n\n                        <\/div>\n                    \t\t<\/div>\n\t\t<!-- \/.tb-column -->\n\t\t\n\t\t\n                                <\/div>\n                                <!-- \/row_inner -->\n                        <\/div>\n                        <!-- \/module_row -->\n\t\t\t\n\t\t<!-- module_row -->\n\t\t\t<div  class=\"themify_builder_row module_row clearfix fullwidth_row_container module_row_4 themify_builder_1370_row module_row_1370-4\">\n\t\t\t\t                                <div class=\"row_inner \" >\n\n                                    \n\t\t<div  class=\"tb-column col-full first module_column tb_1370_column module_column_0 module_column_1370-4-0\" >\n                                                                <div class=\"tb-column-inner\">\n                            \t\t<div class=\"themify_builder_sub_row module_subrow clearfix sub_row_4-0-0\">\n\t\t                    <div class=\"subrow_inner \" >\n                                       <div  class=\"col4-2 sub_column module_column first sub_column_post_1370 sub_column_4-0-0-0\"> \n                                                              <div class=\"tb-column-inner\">\n                            \n\n    <!-- module image -->\n    <div  id=\"image-1370-sub_row_4-0-0-0-0\" class=\"module module-image image-1370-sub_row_4-0-0-0-0  image-center  \">\n\n        \n        <div class=\"image-wrap\">\n                            <img loading=\"lazy\" decoding=\"async\" width=\"469\" height=\"367\" src=\"https:\/\/oxygencoaches.com\/wp-content\/uploads\/2017\/11\/Creating-Seedling-01.jpg\" class=\" wp-post-image wp-image-1055\" alt=\"Creating-Seedling-01\" srcset=\"https:\/\/oxygencoaches.com\/wp-content\/uploads\/2017\/11\/Creating-Seedling-01.jpg 469w, https:\/\/oxygencoaches.com\/wp-content\/uploads\/2017\/11\/Creating-Seedling-01-300x235.jpg 300w\" sizes=\"auto, (max-width: 469px) 100vw, 469px\" \/>            \n                        <\/div>\n            <!-- \/image-wrap -->\n        \n        \n            <\/div>\n    <!-- \/module image -->\n\n                        <\/div>\n                                   <\/div>\n\t\t               <div  class=\"col4-2 sub_column module_column last sub_column_post_1370 sub_column_4-0-0-1\"> \n                                                              <div class=\"tb-column-inner\">\n                            \n\n<!-- module text -->\n<div  id=\"text-1370-sub_row_4-0-0-1-0\" class=\"module module-text text-1370-sub_row_4-0-0-1-0  repeat \">\n    \n    <p><strong>CREATING &#038; EMBEDDING A COACHING CULTURE<\/strong><\/p><\/div>\n<!-- \/module text -->\n\n\n<!-- module text -->\n<div  id=\"text-1370-sub_row_4-0-0-1-1\" class=\"module module-text text-1370-sub_row_4-0-0-1-1  repeat \">\n    \n    <p>Las organizaciones m\u00e1s exitosas son aquellas que tienen las habilidades de escuchar, investigar lo establecido en su cultura empresarial. Aumentar la competencia de los l\u00edderes como mentores-coaches internos, es un desaf\u00edo clave en cualquier organizaci\u00f3n grande que opere en un entorno complejo, competitivo y global. Parte de nuestra misi\u00f3n es ayudar a nuestros clientes a desarrollar estas habilidades en sus organizaciones. Podemos brindar la capacitaci\u00f3n y el apoyo para desarrollar a sus propios l\u00edderes como mentores-coaches. M\u00e1s all\u00e1 de los directivos, la capacitaci\u00f3n de mentores-coaches es tambi\u00e9n adecuada para su grupo de talento y los que tienen mejores resultados. Contamos con un equipo de entrenadores ejecutivos capacitados\u00a0 y con experiencia en la formaci\u00f3n de desarrollo de coaches-mentores internos acreditados para su organizaci\u00f3n.<\/p>\n<p>La formaci\u00f3n de los coaches internos necesita los mismos niveles de apoyo que los coaches externos. Nuestro programa de tutor\u00eda de coach-mentor incluye procesos de supervisi\u00f3n de coaching para apoyar y consolidar el aprendizaje de una manera continua y consistente.<\/p><\/div>\n<!-- \/module text -->\n                        <\/div>\n                                   <\/div>\n\t\t                    <\/div>\n                <\/div><!-- \/themify_builder_sub_row -->\n                                        <\/div>\n                    \t\t<\/div>\n\t\t<!-- \/.tb-column -->\n\t\t\n\t\t\n                                <\/div>\n                                <!-- \/row_inner -->\n                        <\/div>\n                        <!-- \/module_row -->\n\t\t<\/div>\n","protected":false},"excerpt":{"rendered":"<p>Formaci\u00f3n Coach-Mentoring Habilidades esenciales para el l\u00edder exitoso \u00bfQUE ES COACH-MENTOR? La competencia de Coach y Mentor es la capacidad de fomentar el desarrollo a largo plazo de los dem\u00e1s mediante la retroalimentaci\u00f3n y el apoyo. Son unas competencias sociales e individuales esenciales para los l\u00edderes en cualquier nivel. LOS BENEFICIOS Tanto el Mentoring como [&hellip;]<\/p>\n","protected":false},"author":2,"featured_media":0,"parent":1495,"menu_order":0,"comment_status":"closed","ping_status":"closed","template":"","meta":{"om_disable_all_campaigns":false,"_exactmetrics_skip_tracking":false,"_exactmetrics_sitenote_active":false,"_exactmetrics_sitenote_note":"","_exactmetrics_sitenote_category":0,"footnotes":""},"class_list":["post-1370","page","type-page","status-publish","hentry","has-post-title","has-post-date","has-post-category","has-post-tag","has-post-comment","has-post-author",""],"yoast_head":"<!-- This site is optimized with the Yoast SEO plugin v26.9 - https:\/\/yoast.com\/product\/yoast-seo-wordpress\/ -->\n<title>Coach-Mentor Training - Oxygen Group<\/title>\n<meta name=\"robots\" content=\"index, follow, max-snippet:-1, max-image-preview:large, max-video-preview:-1\" \/>\n<link rel=\"canonical\" href=\"https:\/\/oxygencoaches.com\/es\/services\/coach-mentor-training\/\" \/>\n<meta property=\"og:locale\" content=\"es_ES\" \/>\n<meta property=\"og:type\" content=\"article\" \/>\n<meta property=\"og:title\" content=\"Coach-Mentor Training - Oxygen Group\" \/>\n<meta property=\"og:description\" content=\"Formaci\u00f3n Coach-Mentoring Habilidades esenciales para el l\u00edder exitoso \u00bfQUE ES COACH-MENTOR? La competencia de Coach y Mentor es la capacidad de fomentar el desarrollo a largo plazo de los dem\u00e1s mediante la retroalimentaci\u00f3n y el apoyo. Son unas competencias sociales e individuales esenciales para los l\u00edderes en cualquier nivel. LOS BENEFICIOS Tanto el Mentoring como [&hellip;]\" \/>\n<meta property=\"og:url\" content=\"https:\/\/oxygencoaches.com\/es\/services\/coach-mentor-training\/\" \/>\n<meta property=\"og:site_name\" content=\"Oxygen Group\" \/>\n<meta property=\"article:modified_time\" content=\"2017-11-26T01:23:24+00:00\" \/>\n<meta property=\"og:image\" content=\"http:\/\/oxygencoaches.com\/wp-content\/uploads\/2017\/10\/18-The-Benefits-Matryoshka-copy.jpg\" \/>\n<meta name=\"twitter:card\" content=\"summary_large_image\" \/>\n<meta name=\"twitter:site\" content=\"@OxygenCoach\" \/>\n<meta name=\"twitter:label1\" content=\"Tiempo de lectura\" \/>\n\t<meta name=\"twitter:data1\" content=\"2 minutos\" \/>\n<script type=\"application\/ld+json\" class=\"yoast-schema-graph\">{\"@context\":\"https:\/\/schema.org\",\"@graph\":[{\"@type\":\"WebPage\",\"@id\":\"https:\/\/oxygencoaches.com\/es\/services\/coach-mentor-training\/\",\"url\":\"https:\/\/oxygencoaches.com\/es\/services\/coach-mentor-training\/\",\"name\":\"Coach-Mentor Training - Oxygen Group\",\"isPartOf\":{\"@id\":\"https:\/\/oxygencoaches.com\/#website\"},\"primaryImageOfPage\":{\"@id\":\"https:\/\/oxygencoaches.com\/es\/services\/coach-mentor-training\/#primaryimage\"},\"image\":{\"@id\":\"https:\/\/oxygencoaches.com\/es\/services\/coach-mentor-training\/#primaryimage\"},\"thumbnailUrl\":\"https:\/\/oxygencoaches.com\/wp-content\/uploads\/2017\/10\/18-The-Benefits-Matryoshka-copy.jpg\",\"datePublished\":\"2017-11-08T01:55:32+00:00\",\"dateModified\":\"2017-11-26T01:23:24+00:00\",\"breadcrumb\":{\"@id\":\"https:\/\/oxygencoaches.com\/es\/services\/coach-mentor-training\/#breadcrumb\"},\"inLanguage\":\"es\",\"potentialAction\":[{\"@type\":\"ReadAction\",\"target\":[\"https:\/\/oxygencoaches.com\/es\/services\/coach-mentor-training\/\"]}]},{\"@type\":\"ImageObject\",\"inLanguage\":\"es\",\"@id\":\"https:\/\/oxygencoaches.com\/es\/services\/coach-mentor-training\/#primaryimage\",\"url\":\"https:\/\/oxygencoaches.com\/wp-content\/uploads\/2017\/10\/18-The-Benefits-Matryoshka-copy.jpg\",\"contentUrl\":\"https:\/\/oxygencoaches.com\/wp-content\/uploads\/2017\/10\/18-The-Benefits-Matryoshka-copy.jpg\"},{\"@type\":\"BreadcrumbList\",\"@id\":\"https:\/\/oxygencoaches.com\/es\/services\/coach-mentor-training\/#breadcrumb\",\"itemListElement\":[{\"@type\":\"ListItem\",\"position\":1,\"name\":\"Home\",\"item\":\"https:\/\/oxygencoaches.com\/es\/\"},{\"@type\":\"ListItem\",\"position\":2,\"name\":\"Services\",\"item\":\"https:\/\/oxygencoaches.com\/es\/services\/\"},{\"@type\":\"ListItem\",\"position\":3,\"name\":\"Coach-Mentor Training\"}]},{\"@type\":\"WebSite\",\"@id\":\"https:\/\/oxygencoaches.com\/#website\",\"url\":\"https:\/\/oxygencoaches.com\/\",\"name\":\"Oxygen Group\",\"description\":\"Team Coaching Executive Coaching and Board Retreats\",\"publisher\":{\"@id\":\"https:\/\/oxygencoaches.com\/#organization\"},\"potentialAction\":[{\"@type\":\"SearchAction\",\"target\":{\"@type\":\"EntryPoint\",\"urlTemplate\":\"https:\/\/oxygencoaches.com\/?s={search_term_string}\"},\"query-input\":{\"@type\":\"PropertyValueSpecification\",\"valueRequired\":true,\"valueName\":\"search_term_string\"}}],\"inLanguage\":\"es\"},{\"@type\":\"Organization\",\"@id\":\"https:\/\/oxygencoaches.com\/#organization\",\"name\":\"Oxygen Group\",\"url\":\"https:\/\/oxygencoaches.com\/\",\"logo\":{\"@type\":\"ImageObject\",\"inLanguage\":\"es\",\"@id\":\"https:\/\/oxygencoaches.com\/#\/schema\/logo\/image\/\",\"url\":\"https:\/\/oxygencoaches.com\/wp-content\/uploads\/2017\/11\/logo-oxygen-transparent-bg.png\",\"contentUrl\":\"https:\/\/oxygencoaches.com\/wp-content\/uploads\/2017\/11\/logo-oxygen-transparent-bg.png\",\"width\":286,\"height\":75,\"caption\":\"Oxygen Group\"},\"image\":{\"@id\":\"https:\/\/oxygencoaches.com\/#\/schema\/logo\/image\/\"},\"sameAs\":[\"https:\/\/x.com\/OxygenCoach\",\"https:\/\/www.instagram.com\/oxygencoach\/?hl=en\",\"https:\/\/www.linkedin.com\/in\/juliuscardoza\"]}]}<\/script>\n<!-- \/ Yoast SEO plugin. -->","yoast_head_json":{"title":"Coach-Mentor Training - Oxygen Group","robots":{"index":"index","follow":"follow","max-snippet":"max-snippet:-1","max-image-preview":"max-image-preview:large","max-video-preview":"max-video-preview:-1"},"canonical":"https:\/\/oxygencoaches.com\/es\/services\/coach-mentor-training\/","og_locale":"es_ES","og_type":"article","og_title":"Coach-Mentor Training - Oxygen Group","og_description":"Formaci\u00f3n Coach-Mentoring Habilidades esenciales para el l\u00edder exitoso \u00bfQUE ES COACH-MENTOR? La competencia de Coach y Mentor es la capacidad de fomentar el desarrollo a largo plazo de los dem\u00e1s mediante la retroalimentaci\u00f3n y el apoyo. Son unas competencias sociales e individuales esenciales para los l\u00edderes en cualquier nivel. LOS BENEFICIOS Tanto el Mentoring como [&hellip;]","og_url":"https:\/\/oxygencoaches.com\/es\/services\/coach-mentor-training\/","og_site_name":"Oxygen Group","article_modified_time":"2017-11-26T01:23:24+00:00","og_image":[{"url":"http:\/\/oxygencoaches.com\/wp-content\/uploads\/2017\/10\/18-The-Benefits-Matryoshka-copy.jpg","type":"","width":"","height":""}],"twitter_card":"summary_large_image","twitter_site":"@OxygenCoach","twitter_misc":{"Tiempo de lectura":"2 minutos"},"schema":{"@context":"https:\/\/schema.org","@graph":[{"@type":"WebPage","@id":"https:\/\/oxygencoaches.com\/es\/services\/coach-mentor-training\/","url":"https:\/\/oxygencoaches.com\/es\/services\/coach-mentor-training\/","name":"Coach-Mentor Training - Oxygen Group","isPartOf":{"@id":"https:\/\/oxygencoaches.com\/#website"},"primaryImageOfPage":{"@id":"https:\/\/oxygencoaches.com\/es\/services\/coach-mentor-training\/#primaryimage"},"image":{"@id":"https:\/\/oxygencoaches.com\/es\/services\/coach-mentor-training\/#primaryimage"},"thumbnailUrl":"https:\/\/oxygencoaches.com\/wp-content\/uploads\/2017\/10\/18-The-Benefits-Matryoshka-copy.jpg","datePublished":"2017-11-08T01:55:32+00:00","dateModified":"2017-11-26T01:23:24+00:00","breadcrumb":{"@id":"https:\/\/oxygencoaches.com\/es\/services\/coach-mentor-training\/#breadcrumb"},"inLanguage":"es","potentialAction":[{"@type":"ReadAction","target":["https:\/\/oxygencoaches.com\/es\/services\/coach-mentor-training\/"]}]},{"@type":"ImageObject","inLanguage":"es","@id":"https:\/\/oxygencoaches.com\/es\/services\/coach-mentor-training\/#primaryimage","url":"https:\/\/oxygencoaches.com\/wp-content\/uploads\/2017\/10\/18-The-Benefits-Matryoshka-copy.jpg","contentUrl":"https:\/\/oxygencoaches.com\/wp-content\/uploads\/2017\/10\/18-The-Benefits-Matryoshka-copy.jpg"},{"@type":"BreadcrumbList","@id":"https:\/\/oxygencoaches.com\/es\/services\/coach-mentor-training\/#breadcrumb","itemListElement":[{"@type":"ListItem","position":1,"name":"Home","item":"https:\/\/oxygencoaches.com\/es\/"},{"@type":"ListItem","position":2,"name":"Services","item":"https:\/\/oxygencoaches.com\/es\/services\/"},{"@type":"ListItem","position":3,"name":"Coach-Mentor Training"}]},{"@type":"WebSite","@id":"https:\/\/oxygencoaches.com\/#website","url":"https:\/\/oxygencoaches.com\/","name":"Oxygen Group","description":"Team Coaching Executive Coaching and Board Retreats","publisher":{"@id":"https:\/\/oxygencoaches.com\/#organization"},"potentialAction":[{"@type":"SearchAction","target":{"@type":"EntryPoint","urlTemplate":"https:\/\/oxygencoaches.com\/?s={search_term_string}"},"query-input":{"@type":"PropertyValueSpecification","valueRequired":true,"valueName":"search_term_string"}}],"inLanguage":"es"},{"@type":"Organization","@id":"https:\/\/oxygencoaches.com\/#organization","name":"Oxygen Group","url":"https:\/\/oxygencoaches.com\/","logo":{"@type":"ImageObject","inLanguage":"es","@id":"https:\/\/oxygencoaches.com\/#\/schema\/logo\/image\/","url":"https:\/\/oxygencoaches.com\/wp-content\/uploads\/2017\/11\/logo-oxygen-transparent-bg.png","contentUrl":"https:\/\/oxygencoaches.com\/wp-content\/uploads\/2017\/11\/logo-oxygen-transparent-bg.png","width":286,"height":75,"caption":"Oxygen Group"},"image":{"@id":"https:\/\/oxygencoaches.com\/#\/schema\/logo\/image\/"},"sameAs":["https:\/\/x.com\/OxygenCoach","https:\/\/www.instagram.com\/oxygencoach\/?hl=en","https:\/\/www.linkedin.com\/in\/juliuscardoza"]}]}},"jetpack_sharing_enabled":true,"_links":{"self":[{"href":"https:\/\/oxygencoaches.com\/es\/wp-json\/wp\/v2\/pages\/1370","targetHints":{"allow":["GET"]}}],"collection":[{"href":"https:\/\/oxygencoaches.com\/es\/wp-json\/wp\/v2\/pages"}],"about":[{"href":"https:\/\/oxygencoaches.com\/es\/wp-json\/wp\/v2\/types\/page"}],"author":[{"embeddable":true,"href":"https:\/\/oxygencoaches.com\/es\/wp-json\/wp\/v2\/users\/2"}],"replies":[{"embeddable":true,"href":"https:\/\/oxygencoaches.com\/es\/wp-json\/wp\/v2\/comments?post=1370"}],"version-history":[{"count":27,"href":"https:\/\/oxygencoaches.com\/es\/wp-json\/wp\/v2\/pages\/1370\/revisions"}],"predecessor-version":[{"id":1625,"href":"https:\/\/oxygencoaches.com\/es\/wp-json\/wp\/v2\/pages\/1370\/revisions\/1625"}],"up":[{"embeddable":true,"href":"https:\/\/oxygencoaches.com\/es\/wp-json\/wp\/v2\/pages\/1495"}],"wp:attachment":[{"href":"https:\/\/oxygencoaches.com\/es\/wp-json\/wp\/v2\/media?parent=1370"}],"curies":[{"name":"wp","href":"https:\/\/api.w.org\/{rel}","templated":true}]}}