{"id":1470,"date":"2017-10-23T21:50:44","date_gmt":"2017-10-23T21:50:44","guid":{"rendered":"http:\/\/oxygencoaches.com\/contact\/"},"modified":"2017-11-23T20:30:56","modified_gmt":"2017-11-23T20:30:56","slug":"contact","status":"publish","type":"page","link":"https:\/\/oxygencoaches.com\/es\/contact\/","title":{"rendered":"Contact"},"content":{"rendered":"<div id=\"themify_builder_content-1470\" data-postid=\"1470\" class=\"themify_builder_content themify_builder_content-1470 themify_builder\">\n\n    \t\n\t\t<!-- module_row -->\n\t\t\t<div  class=\"themify_builder_row module_row clearfix builder-bg-fixed bg-position-center-center fullwidth_row_container module_row_0 themify_builder_1470_row module_row_1470-0\">\n\t\t\t\t<div class=\"builder_row_cover \"><\/div>                                <div class=\"row_inner \" >\n\n                                    \n\t\t<div  class=\"tb-column col-full first module_column tb_1470_column module_column_0 module_column_1470-0-0\" >\n                                                                <div class=\"tb-column-inner\">\n                            \n\n<!-- module text -->\n<div  id=\"text-1470-0-0-0\" class=\"module module-text text-1470-0-0-0  repeat \">\n    \n    <h1>Cont\u00e1ctanos<\/h1><\/div>\n<!-- \/module text -->\n\t\t<div class=\"themify_builder_sub_row module_subrow clearfix repeat sub_row_0-0-1\">\n\t\t                    <div class=\"subrow_inner \" >\n                                       <div  class=\"col3-1 sub_column module_column first sub_column_post_1470 sub_column_0-0-1-0\"> \n                                                              <div class=\"tb-column-inner\">\n                            \n\n<!-- module text -->\n<div  id=\"text-1470-sub_row_0-0-1-0-0\" class=\"module module-text text-1470-sub_row_0-0-1-0-0  repeat \">\n    \n    <h2><strong>Iniciar un Proyecto<br \/><\/strong><\/h2><\/div>\n<!-- \/module text -->\n\n\n<!-- module text -->\n<div  id=\"text-1470-sub_row_0-0-1-0-1\" class=\"module module-text text-1470-sub_row_0-0-1-0-1  repeat \">\n    \n    <p><strong>Londres: +44 7380 959 716<\/strong><br \/><strong>Madrid: +34 639 321 996<\/strong><\/p><\/div>\n<!-- \/module text -->\n\n\n<!-- module text -->\n<div  id=\"text-1470-sub_row_0-0-1-0-2\" class=\"module module-text text-1470-sub_row_0-0-1-0-2  repeat \">\n    \n    <p><a href=\"mailto:welcome@oxygencoaches.com\"><strong>welcome@oxygencoaches.com<\/strong><\/a><\/p><\/div>\n<!-- \/module text -->\n                        <\/div>\n                                   <\/div>\n\t\t               <div  class=\"col3-1 sub_column module_column middle sub_column_post_1470 sub_column_0-0-1-1\"> \n                                                              <div class=\"tb-column-inner\">\n                            \n\n<!-- module text -->\n<div  id=\"text-1470-sub_row_0-0-1-1-0\" class=\"module module-text text-1470-sub_row_0-0-1-1-0  repeat \">\n    \n    <h2><strong>\u00danete a nosotros<\/strong><\/h2><\/div>\n<!-- \/module text -->\n\n\n<!-- module text -->\n<div  id=\"text-1470-sub_row_0-0-1-1-1\" class=\"module module-text text-1470-sub_row_0-0-1-1-1  repeat \">\n    \n    <p><b>Si <\/b><b>tienes<\/b><b> lo que <\/b><b>hace<\/b> <b>falta<\/b><b>,<br \/><\/b><strong><b>env\u00edenos<\/b> <b>tu<\/b> <b>curr\u00edculum<\/b>.<\/strong><\/p><\/div>\n<!-- \/module text -->\n\n\n<!-- module text -->\n<div  id=\"text-1470-sub_row_0-0-1-1-2\" class=\"module module-text text-1470-sub_row_0-0-1-1-2  repeat \">\n    \n    <p><a href=\"mailto:hr@oxygencoaches.com\"><strong>hr@oxygencoaches.com<\/strong><\/a><\/p><\/div>\n<!-- \/module text -->\n                        <\/div>\n                                   <\/div>\n\t\t               <div  class=\"col3-1 sub_column module_column last sub_column_post_1470 sub_column_0-0-1-2\"> \n                                                              <div class=\"tb-column-inner\">\n                            \n\n<!-- module text -->\n<div  id=\"text-1470-sub_row_0-0-1-2-0\" class=\"module module-text text-1470-sub_row_0-0-1-2-0  repeat \">\n    \n    <h2><strong>Todo lo dem\u00e1s<\/strong><\/h2><\/div>\n<!-- \/module text -->\n\n\n<!-- module text -->\n<div  id=\"text-1470-sub_row_0-0-1-2-1\" class=\"module module-text text-1470-sub_row_0-0-1-2-1  repeat \">\n    \n    <p><strong>No sabes por d\u00f3nde empezar?<\/strong><br \/><strong>Te podemos orientar.<\/strong><\/p><\/div>\n<!-- \/module text -->\n\n\n<!-- module text -->\n<div  id=\"text-1470-sub_row_0-0-1-2-2\" class=\"module module-text text-1470-sub_row_0-0-1-2-2  repeat \">\n    \n    <p><a href=\"mailto:hello@oxygencoaches.com\"><strong>hello@oxygencoaches.com<\/strong><\/a><\/p><\/div>\n<!-- \/module text -->\n                        <\/div>\n                                   <\/div>\n\t\t                    <\/div>\n                <\/div><!-- \/themify_builder_sub_row -->\n                \n\n<!-- module text -->\n<div  id=\"text-1470-0-0-2\" class=\"module module-text text-1470-0-0-2  repeat \">\n    \n    <h1>Preguntas?<\/h1><\/div>\n<!-- \/module text -->\n\t\t<div class=\"themify_builder_sub_row module_subrow clearfix sub_row_0-0-3\">\n\t\t                    <div class=\"subrow_inner gutter-none\" >\n                                       <div  class=\"col4-1 sub_column module_column first sub_column_post_1470 sub_column_0-0-3-0\"> \n                                                      <\/div>\n\t\t               <div  class=\"col4-2 sub_column module_column middle sub_column_post_1470 sub_column_0-0-3-1\"> \n                                                              <div class=\"tb-column-inner\">\n                            \n\n<!-- module text -->\n<div  id=\"text-1470-sub_row_0-0-3-1-0\" class=\"module module-text text-1470-sub_row_0-0-3-1-0  repeat \">\n    \n    <style type=\"text\/css\">\r\nbody #wpforms-239 {\r\n}\r\n\r\nbody #wpforms-239 .wpforms-head-container {\r\n        border-width: 0px;}\r\n\r\nbody #wpforms-239 .wpforms-head-container .wpforms-title {\r\n        }\r\n\r\nbody #wpforms-239 .wpforms-head-container .wpforms-description {\r\n        display:block;\r\n}\r\n\r\nbody #wpforms-239 .wpforms-submit-container .wpforms-submit {\r\n        border-width: 0px;}\r\n\r\nbody #wpforms-239 .wpforms-submit-container .wpforms-submit:hover {\r\n           }\r\n\r\n\r\n\r\n\r\nbody #wpforms-239 .wpforms-submit-container {\r\n    }\r\n\r\nbody #wpforms-239 .wpforms-form .wpforms-field input[type=text],\r\nbody #wpforms-239 .wpforms-form .wpforms-field input[type=email],\r\nbody #wpforms-239 .wpforms-form .wpforms-field input[type=tel],\r\nbody #wpforms-239 .wpforms-form .wpforms-field input[type=url],\r\nbody #wpforms-239 .wpforms-form .wpforms-field input[type=password]\r\nbody #wpforms-239 .wpforms-form .wpforms-field input[type=number]\r\n{\r\n color:#ffffff;border-width:1px;border-color:#ffffff;border-style:solid;       }\r\n\r\nbody #wpforms-239 .wpforms-form .wpforms-field textarea {\r\n                    border-width:1px;    border-color:#ffffff;    border-style:solid;        color:#ffffff;    }\r\n\r\nbody #wpforms-239 .wpforms-form .wpforms-field.wpforms-field-select select {\r\n\r\n             border-width: 1px;}\r\n\r\nbody #wpforms-239 .wpforms-form .wpforms-field-radio li label {\r\n   color:#ffffff;}\r\n\r\nbody #wpforms-239 .wpforms-form .wpforms-field-checkbox li label {\r\n   }\r\n\r\n\r\nbody #wpforms-239 .wpforms-form .wpforms-field .wpforms-field-description {\r\n text-align:left; display:none;}\r\n\r\nbody #wpforms-239 .wpforms-form .wpforms-field label.wpforms-field-label {\r\n    display:none;}\r\n\r\nbody #wpforms-239 .wpforms-form .gform_fields .gsection .gsection_title {\r\n   }\r\n\r\nbody #wpforms-239 .wpforms-form .gform_fields .gsection .gsection_description {\r\n   }\r\n\r\nbody #wpforms-239 .wpforms-form .gform_fields .gfield .ginput_container {\r\n}\r\n\r\nbody #wpforms-confirmation-_239  {\r\n              border-width: 1px;}\r\n\r\nbody #wpforms-239 label.wpforms-error {\r\n              border-width: 1px;}\r\n\r\n\r\n\r\n\/*Option to add custom CSS *\/\r\n\r\n        <\/style>\r\n<div class=\"wpforms-container wpforms-container-full\" id=\"wpforms-239\"><form id=\"wpforms-form-239\" class=\"wpforms-validate wpforms-form\" data-formid=\"239\" method=\"post\" enctype=\"multipart\/form-data\" action=\"\/es\/wp-json\/wp\/v2\/pages\/1470\" data-token=\"feecb4b12e04628b21770594ffd641a2\" data-token-time=\"1777041953\"><noscript class=\"wpforms-error-noscript\">Por favor, activa JavaScript en tu navegador para completar este formulario.<\/noscript><div class=\"wpforms-field-container\"><div id=\"wpforms-239-field_1-container\" class=\"wpforms-field wpforms-field-name wpforms-one-half wpforms-first\" data-field-id=\"1\"><label class=\"wpforms-field-label wpforms-label-hide\" for=\"wpforms-239-field_1\">Name <span class=\"wpforms-required-label\">*<\/span><\/label><input type=\"text\" id=\"wpforms-239-field_1\" class=\"wpforms-field-large wpforms-field-required\" name=\"wpforms[fields][1]\" placeholder=\"Name\" required><\/div><div id=\"wpforms-239-field_2-container\" class=\"wpforms-field wpforms-field-email wpforms-one-half\" data-field-id=\"2\"><label class=\"wpforms-field-label wpforms-label-hide\" for=\"wpforms-239-field_2\">Email <span class=\"wpforms-required-label\">*<\/span><\/label><input type=\"email\" id=\"wpforms-239-field_2\" class=\"wpforms-field-large wpforms-field-required\" name=\"wpforms[fields][2]\" placeholder=\"Email\" spellcheck=\"false\" required><\/div><div id=\"wpforms-239-field_3-container\" class=\"wpforms-field wpforms-field-text wpforms-one-half wpforms-first\" data-field-id=\"3\"><label class=\"wpforms-field-label wpforms-label-hide\" for=\"wpforms-239-field_3\">Company Name<\/label><input type=\"text\" id=\"wpforms-239-field_3\" class=\"wpforms-field-large\" name=\"wpforms[fields][3]\" placeholder=\"Company\" ><\/div><div id=\"wpforms-239-field_4-container\" class=\"wpforms-field wpforms-field-text wpforms-one-half\" data-field-id=\"4\"><label class=\"wpforms-field-label wpforms-label-hide\" for=\"wpforms-239-field_4\">Telephone Number<\/label><input type=\"text\" id=\"wpforms-239-field_4\" class=\"wpforms-field-large\" name=\"wpforms[fields][4]\" placeholder=\"Phone\" ><\/div><div id=\"wpforms-239-field_5-container\" class=\"wpforms-field wpforms-field-checkbox wpforms-list-2-columns\" data-field-id=\"5\"><label class=\"wpforms-field-label\">We Need Help With: <span class=\"wpforms-required-label\">*<\/span><\/label><ul id=\"wpforms-239-field_5\" class=\"wpforms-field-required\"><li class=\"choice-1 depth-1\"><input type=\"checkbox\" id=\"wpforms-239-field_5_1\" name=\"wpforms[fields][5][]\" value=\"Team Coaching\" required ><label class=\"wpforms-field-label-inline\" for=\"wpforms-239-field_5_1\">Team Coaching<\/label><\/li><li class=\"choice-2 depth-1\"><input type=\"checkbox\" id=\"wpforms-239-field_5_2\" name=\"wpforms[fields][5][]\" value=\"The Board retreat\" required ><label class=\"wpforms-field-label-inline\" for=\"wpforms-239-field_5_2\">The Board retreat<\/label><\/li><li class=\"choice-3 depth-1\"><input type=\"checkbox\" id=\"wpforms-239-field_5_3\" name=\"wpforms[fields][5][]\" value=\"Coach-Mentor Training\" required ><label class=\"wpforms-field-label-inline\" for=\"wpforms-239-field_5_3\">Coach-Mentor Training<\/label><\/li><li class=\"choice-4 depth-1\"><input type=\"checkbox\" id=\"wpforms-239-field_5_4\" name=\"wpforms[fields][5][]\" value=\"Team Building | Firewalking\" required ><label class=\"wpforms-field-label-inline\" for=\"wpforms-239-field_5_4\">Team Building | Firewalking<\/label><\/li><li class=\"choice-5 depth-1\"><input type=\"checkbox\" id=\"wpforms-239-field_5_5\" name=\"wpforms[fields][5][]\" value=\"Executive Coaching\" required ><label class=\"wpforms-field-label-inline\" for=\"wpforms-239-field_5_5\">Executive Coaching<\/label><\/li><li class=\"choice-6 depth-1\"><input type=\"checkbox\" id=\"wpforms-239-field_5_6\" name=\"wpforms[fields][5][]\" value=\"Family Business Coaching\" required ><label class=\"wpforms-field-label-inline\" for=\"wpforms-239-field_5_6\">Family Business Coaching<\/label><\/li><li class=\"choice-7 depth-1\"><input type=\"checkbox\" id=\"wpforms-239-field_5_7\" name=\"wpforms[fields][5][]\" value=\"Leadership Assessments\" required ><label class=\"wpforms-field-label-inline\" for=\"wpforms-239-field_5_7\">Leadership Assessments<\/label><\/li><li class=\"choice-8 depth-1\"><input type=\"checkbox\" id=\"wpforms-239-field_5_8\" name=\"wpforms[fields][5][]\" value=\"Mindfulness Training\" required ><label class=\"wpforms-field-label-inline\" for=\"wpforms-239-field_5_8\">Mindfulness Training<\/label><\/li><\/ul><\/div><div id=\"wpforms-239-field_6-container\" class=\"wpforms-field wpforms-field-textarea\" data-field-id=\"6\"><label class=\"wpforms-field-label wpforms-label-hide\" for=\"wpforms-239-field_6\">Additional Comments<\/label><textarea id=\"wpforms-239-field_6\" class=\"wpforms-field-medium\" name=\"wpforms[fields][6]\" placeholder=\"Additional Comments\" ><\/textarea><\/div><\/div><!-- .wpforms-field-container --><div class=\"wpforms-field wpforms-field-hp\"><label for=\"wpforms-239-field-hp\" class=\"wpforms-field-label\">Email<\/label><input type=\"text\" name=\"wpforms[hp]\" id=\"wpforms-239-field-hp\" class=\"wpforms-field-medium\"><\/div><div class=\"wpforms-recaptcha-container wpforms-is-recaptcha wpforms-is-recaptcha-type-v2\" ><div class=\"g-recaptcha\" data-sitekey=\"6LdEzzYUAAAAALtgmvBafluS6Prj6D7HcKRM925m\"><\/div><input type=\"text\" name=\"g-recaptcha-hidden\" class=\"wpforms-recaptcha-hidden\" style=\"position:absolute!important;clip:rect(0,0,0,0)!important;height:1px!important;width:1px!important;border:0!important;overflow:hidden!important;padding:0!important;margin:0!important;\" data-rule-recaptcha=\"1\"><\/div><div class=\"wpforms-submit-container\" ><input type=\"hidden\" name=\"wpforms[id]\" value=\"239\"><input type=\"hidden\" name=\"page_title\" value=\"\"><input type=\"hidden\" name=\"page_url\" value=\"https:\/\/oxygencoaches.com\/es\/wp-json\/wp\/v2\/pages\/1470\"><input type=\"hidden\" name=\"url_referer\" value=\"\"><button type=\"submit\" name=\"wpforms[submit]\" id=\"wpforms-submit-239\" class=\"wpforms-submit\" data-alt-text=\"Sending...\" data-submit-text=\"Submit\" aria-live=\"assertive\" value=\"wpforms-submit\">Submit<\/button><\/div><\/form><\/div>  <!-- .wpforms-container --><\/div>\n<!-- \/module text -->\n                        <\/div>\n                                   <\/div>\n\t\t               <div  class=\"col4-1 sub_column module_column last sub_column_post_1470 sub_column_0-0-3-2\"> \n                                                      <\/div>\n\t\t                    <\/div>\n                <\/div><!-- \/themify_builder_sub_row -->\n                                        <\/div>\n                    \t\t<\/div>\n\t\t<!-- \/.tb-column -->\n\t\t\n\t\t\n                                <\/div>\n                                <!-- \/row_inner -->\n                        <\/div>\n                        <!-- \/module_row -->\n\t\t<\/div>\n","protected":false},"excerpt":{"rendered":"<p>Cont\u00e1ctanos Iniciar un Proyecto Londres: +44 7380 959 716Madrid: +34 639 321 996 welcome@oxygencoaches.com \u00danete a nosotros Si tienes lo que hace falta,env\u00edenos tu curr\u00edculum. hr@oxygencoaches.com Todo lo dem\u00e1s No sabes por d\u00f3nde empezar?Te podemos orientar. hello@oxygencoaches.com Preguntas? Name *Email *Company NameTelephone NumberWe Need Help With: * Team Coaching The Board retreat Coach-Mentor Training Team [&hellip;]<\/p>\n","protected":false},"author":2,"featured_media":0,"parent":0,"menu_order":0,"comment_status":"closed","ping_status":"closed","template":"","meta":{"om_disable_all_campaigns":false,"_exactmetrics_skip_tracking":false,"_exactmetrics_sitenote_active":false,"_exactmetrics_sitenote_note":"","_exactmetrics_sitenote_category":0,"footnotes":""},"class_list":["post-1470","page","type-page","status-publish","hentry","has-post-title","has-post-date","has-post-category","has-post-tag","has-post-comment","has-post-author",""],"yoast_head":"<!-- This site is optimized with the Yoast SEO plugin v26.9 - https:\/\/yoast.com\/product\/yoast-seo-wordpress\/ -->\n<title>Contact - Oxygen Group<\/title>\n<meta name=\"robots\" content=\"index, follow, max-snippet:-1, max-image-preview:large, max-video-preview:-1\" \/>\n<link rel=\"canonical\" href=\"https:\/\/oxygencoaches.com\/es\/contact\/\" \/>\n<meta property=\"og:locale\" content=\"es_ES\" \/>\n<meta property=\"og:type\" content=\"article\" \/>\n<meta property=\"og:title\" content=\"Contact - Oxygen Group\" \/>\n<meta property=\"og:description\" content=\"Cont\u00e1ctanos Iniciar un Proyecto Londres: +44 7380 959 716Madrid: +34 639 321 996 welcome@oxygencoaches.com \u00danete a nosotros Si tienes lo que hace falta,env\u00edenos tu curr\u00edculum. hr@oxygencoaches.com Todo lo dem\u00e1s No sabes por d\u00f3nde empezar?Te podemos orientar. hello@oxygencoaches.com Preguntas? Name *Email *Company NameTelephone NumberWe Need Help With: * Team Coaching The Board retreat Coach-Mentor Training Team [&hellip;]\" \/>\n<meta property=\"og:url\" content=\"https:\/\/oxygencoaches.com\/es\/contact\/\" \/>\n<meta property=\"og:site_name\" content=\"Oxygen Group\" \/>\n<meta property=\"article:modified_time\" content=\"2017-11-23T20:30:56+00:00\" \/>\n<meta name=\"twitter:card\" content=\"summary_large_image\" \/>\n<meta name=\"twitter:site\" content=\"@OxygenCoach\" \/>\n<script type=\"application\/ld+json\" class=\"yoast-schema-graph\">{\"@context\":\"https:\/\/schema.org\",\"@graph\":[{\"@type\":\"WebPage\",\"@id\":\"https:\/\/oxygencoaches.com\/es\/contact\/\",\"url\":\"https:\/\/oxygencoaches.com\/es\/contact\/\",\"name\":\"Contact - Oxygen Group\",\"isPartOf\":{\"@id\":\"https:\/\/oxygencoaches.com\/#website\"},\"datePublished\":\"2017-10-23T21:50:44+00:00\",\"dateModified\":\"2017-11-23T20:30:56+00:00\",\"breadcrumb\":{\"@id\":\"https:\/\/oxygencoaches.com\/es\/contact\/#breadcrumb\"},\"inLanguage\":\"es\",\"potentialAction\":[{\"@type\":\"ReadAction\",\"target\":[\"https:\/\/oxygencoaches.com\/es\/contact\/\"]}]},{\"@type\":\"BreadcrumbList\",\"@id\":\"https:\/\/oxygencoaches.com\/es\/contact\/#breadcrumb\",\"itemListElement\":[{\"@type\":\"ListItem\",\"position\":1,\"name\":\"Home\",\"item\":\"https:\/\/oxygencoaches.com\/es\/\"},{\"@type\":\"ListItem\",\"position\":2,\"name\":\"Contact\"}]},{\"@type\":\"WebSite\",\"@id\":\"https:\/\/oxygencoaches.com\/#website\",\"url\":\"https:\/\/oxygencoaches.com\/\",\"name\":\"Oxygen Group\",\"description\":\"Team Coaching Executive Coaching and Board Retreats\",\"publisher\":{\"@id\":\"https:\/\/oxygencoaches.com\/#organization\"},\"potentialAction\":[{\"@type\":\"SearchAction\",\"target\":{\"@type\":\"EntryPoint\",\"urlTemplate\":\"https:\/\/oxygencoaches.com\/?s={search_term_string}\"},\"query-input\":{\"@type\":\"PropertyValueSpecification\",\"valueRequired\":true,\"valueName\":\"search_term_string\"}}],\"inLanguage\":\"es\"},{\"@type\":\"Organization\",\"@id\":\"https:\/\/oxygencoaches.com\/#organization\",\"name\":\"Oxygen Group\",\"url\":\"https:\/\/oxygencoaches.com\/\",\"logo\":{\"@type\":\"ImageObject\",\"inLanguage\":\"es\",\"@id\":\"https:\/\/oxygencoaches.com\/#\/schema\/logo\/image\/\",\"url\":\"https:\/\/oxygencoaches.com\/wp-content\/uploads\/2017\/11\/logo-oxygen-transparent-bg.png\",\"contentUrl\":\"https:\/\/oxygencoaches.com\/wp-content\/uploads\/2017\/11\/logo-oxygen-transparent-bg.png\",\"width\":286,\"height\":75,\"caption\":\"Oxygen Group\"},\"image\":{\"@id\":\"https:\/\/oxygencoaches.com\/#\/schema\/logo\/image\/\"},\"sameAs\":[\"https:\/\/x.com\/OxygenCoach\",\"https:\/\/www.instagram.com\/oxygencoach\/?hl=en\",\"https:\/\/www.linkedin.com\/in\/juliuscardoza\"]}]}<\/script>\n<!-- \/ Yoast SEO plugin. -->","yoast_head_json":{"title":"Contact - Oxygen Group","robots":{"index":"index","follow":"follow","max-snippet":"max-snippet:-1","max-image-preview":"max-image-preview:large","max-video-preview":"max-video-preview:-1"},"canonical":"https:\/\/oxygencoaches.com\/es\/contact\/","og_locale":"es_ES","og_type":"article","og_title":"Contact - Oxygen Group","og_description":"Cont\u00e1ctanos Iniciar un Proyecto Londres: +44 7380 959 716Madrid: +34 639 321 996 welcome@oxygencoaches.com \u00danete a nosotros Si tienes lo que hace falta,env\u00edenos tu curr\u00edculum. hr@oxygencoaches.com Todo lo dem\u00e1s No sabes por d\u00f3nde empezar?Te podemos orientar. hello@oxygencoaches.com Preguntas? Name *Email *Company NameTelephone NumberWe Need Help With: * Team Coaching The Board retreat Coach-Mentor Training Team [&hellip;]","og_url":"https:\/\/oxygencoaches.com\/es\/contact\/","og_site_name":"Oxygen Group","article_modified_time":"2017-11-23T20:30:56+00:00","twitter_card":"summary_large_image","twitter_site":"@OxygenCoach","schema":{"@context":"https:\/\/schema.org","@graph":[{"@type":"WebPage","@id":"https:\/\/oxygencoaches.com\/es\/contact\/","url":"https:\/\/oxygencoaches.com\/es\/contact\/","name":"Contact - Oxygen Group","isPartOf":{"@id":"https:\/\/oxygencoaches.com\/#website"},"datePublished":"2017-10-23T21:50:44+00:00","dateModified":"2017-11-23T20:30:56+00:00","breadcrumb":{"@id":"https:\/\/oxygencoaches.com\/es\/contact\/#breadcrumb"},"inLanguage":"es","potentialAction":[{"@type":"ReadAction","target":["https:\/\/oxygencoaches.com\/es\/contact\/"]}]},{"@type":"BreadcrumbList","@id":"https:\/\/oxygencoaches.com\/es\/contact\/#breadcrumb","itemListElement":[{"@type":"ListItem","position":1,"name":"Home","item":"https:\/\/oxygencoaches.com\/es\/"},{"@type":"ListItem","position":2,"name":"Contact"}]},{"@type":"WebSite","@id":"https:\/\/oxygencoaches.com\/#website","url":"https:\/\/oxygencoaches.com\/","name":"Oxygen Group","description":"Team Coaching Executive Coaching and Board Retreats","publisher":{"@id":"https:\/\/oxygencoaches.com\/#organization"},"potentialAction":[{"@type":"SearchAction","target":{"@type":"EntryPoint","urlTemplate":"https:\/\/oxygencoaches.com\/?s={search_term_string}"},"query-input":{"@type":"PropertyValueSpecification","valueRequired":true,"valueName":"search_term_string"}}],"inLanguage":"es"},{"@type":"Organization","@id":"https:\/\/oxygencoaches.com\/#organization","name":"Oxygen Group","url":"https:\/\/oxygencoaches.com\/","logo":{"@type":"ImageObject","inLanguage":"es","@id":"https:\/\/oxygencoaches.com\/#\/schema\/logo\/image\/","url":"https:\/\/oxygencoaches.com\/wp-content\/uploads\/2017\/11\/logo-oxygen-transparent-bg.png","contentUrl":"https:\/\/oxygencoaches.com\/wp-content\/uploads\/2017\/11\/logo-oxygen-transparent-bg.png","width":286,"height":75,"caption":"Oxygen Group"},"image":{"@id":"https:\/\/oxygencoaches.com\/#\/schema\/logo\/image\/"},"sameAs":["https:\/\/x.com\/OxygenCoach","https:\/\/www.instagram.com\/oxygencoach\/?hl=en","https:\/\/www.linkedin.com\/in\/juliuscardoza"]}]}},"jetpack_sharing_enabled":true,"_links":{"self":[{"href":"https:\/\/oxygencoaches.com\/es\/wp-json\/wp\/v2\/pages\/1470","targetHints":{"allow":["GET"]}}],"collection":[{"href":"https:\/\/oxygencoaches.com\/es\/wp-json\/wp\/v2\/pages"}],"about":[{"href":"https:\/\/oxygencoaches.com\/es\/wp-json\/wp\/v2\/types\/page"}],"author":[{"embeddable":true,"href":"https:\/\/oxygencoaches.com\/es\/wp-json\/wp\/v2\/users\/2"}],"replies":[{"embeddable":true,"href":"https:\/\/oxygencoaches.com\/es\/wp-json\/wp\/v2\/comments?post=1470"}],"version-history":[{"count":17,"href":"https:\/\/oxygencoaches.com\/es\/wp-json\/wp\/v2\/pages\/1470\/revisions"}],"predecessor-version":[{"id":1604,"href":"https:\/\/oxygencoaches.com\/es\/wp-json\/wp\/v2\/pages\/1470\/revisions\/1604"}],"wp:attachment":[{"href":"https:\/\/oxygencoaches.com\/es\/wp-json\/wp\/v2\/media?parent=1470"}],"curies":[{"name":"wp","href":"https:\/\/api.w.org\/{rel}","templated":true}]}}