{"id":1477,"date":"2017-11-06T15:41:52","date_gmt":"2017-11-06T15:41:52","guid":{"rendered":"http:\/\/oxygencoaches.com\/jag-2\/"},"modified":"2017-12-23T17:31:00","modified_gmt":"2017-12-23T17:31:00","slug":"jag-2","status":"publish","type":"page","link":"https:\/\/oxygencoaches.com\/es\/about\/jag-2\/","title":{"rendered":"jag"},"content":{"rendered":"<div id=\"themify_builder_content-1477\" data-postid=\"1477\" class=\"themify_builder_content themify_builder_content-1477 themify_builder\">\n\n    \t\n\t\t<!-- module_row -->\n\t\t\t<div  class=\"themify_builder_row module_row clearfix builder-parallax-scrolling fullwidth_row_container module_row_0 themify_builder_1477_row module_row_1477-0\">\n\t\t\t\t                                <div class=\"row_inner \" >\n\n                                    \n\t\t<div  class=\"tb-column col3-1 first module_column tb_1477_column module_column_0 module_column_1477-0-0 repeat\" >\n                                                                <div class=\"tb-column-inner\">\n                            \n\n    <!-- module image -->\n    <div  id=\"image-1477-0-0-0\" class=\"module module-image image-1477-0-0-0  image-center  \">\n\n        \n        <div class=\"image-wrap\">\n                            <img loading=\"lazy\" decoding=\"async\" width=\"667\" height=\"833\" src=\"https:\/\/oxygencoaches.com\/wp-content\/uploads\/2017\/11\/jag-large.jpg\" class=\" wp-post-image wp-image-1010\" alt=\"jag-large\" srcset=\"https:\/\/oxygencoaches.com\/wp-content\/uploads\/2017\/11\/jag-large.jpg 667w, https:\/\/oxygencoaches.com\/wp-content\/uploads\/2017\/11\/jag-large-240x300.jpg 240w\" sizes=\"auto, (max-width: 667px) 100vw, 667px\" \/>            \n                        <\/div>\n            <!-- \/image-wrap -->\n        \n        \n            <\/div>\n    <!-- \/module image -->\n\n\n\n    <div class=\"themify_builder_slider_loader\"><\/div>\n    <div id=\"slider-1477-0-0-1\" class=\"module module-slider slider-1477-0-0-1 themify_builder_slider_wrap clearfix  slider-default  \">\n                <ul class=\"themify_builder_slider\"\n            data-id=\"slider-1477-0-0-1\" \n            data-visible=\"1\" \n            data-scroll=\"1\" \n            data-auto-scroll=\"4\"\n            data-speed=\"1\"\n            data-wrap=\"yes\"\n            data-arrow=\"no\"\n            data-pagination=\"no\"\n            data-effect=\"scroll\" \n            data-height=\"auto\" \n            data-pause-on-hover=\"resume\"\n            >\n                    <!-- module slider image -->\n\n                    <li>\n            <div class=\"slide-inner-wrap\">\n                                    <div class=\"slide-image\">\n                                                                            <img loading=\"lazy\" decoding=\"async\" width=\"109\" height=\"107\" src=\"https:\/\/oxygencoaches.com\/wp-content\/uploads\/2017\/11\/ORC.jpg\" class=\" wp-post-image wp-image-333\" alt=\"ORSC\" srcset=\"https:\/\/oxygencoaches.com\/wp-content\/uploads\/2017\/11\/ORC.jpg 109w, https:\/\/oxygencoaches.com\/wp-content\/uploads\/2017\/11\/ORC-101x100.jpg 101w\" sizes=\"auto, (max-width: 109px) 100vw, 109px\" \/>                                            <\/div><!-- \/slide-image -->\n                \n                            <\/div>\n        <\/li>\n                    <li>\n            <div class=\"slide-inner-wrap\">\n                                    <div class=\"slide-image\">\n                                                                            <img loading=\"lazy\" decoding=\"async\" width=\"229\" height=\"81\" src=\"https:\/\/oxygencoaches.com\/wp-content\/uploads\/2017\/11\/CPCC.jpg\" class=\" wp-post-image wp-image-334\" alt=\"CPCC\" srcset=\"https:\/\/oxygencoaches.com\/wp-content\/uploads\/2017\/11\/CPCC.jpg 229w, https:\/\/oxygencoaches.com\/wp-content\/uploads\/2017\/11\/CPCC-282x100.jpg 282w\" sizes=\"auto, (max-width: 229px) 100vw, 229px\" \/>                                            <\/div><!-- \/slide-image -->\n                \n                            <\/div>\n        <\/li>\n                    <li>\n            <div class=\"slide-inner-wrap\">\n                                    <div class=\"slide-image\">\n                                                                            <img loading=\"lazy\" decoding=\"async\" width=\"154\" height=\"69\" src=\"https:\/\/oxygencoaches.com\/wp-content\/uploads\/2017\/11\/ICF.png\" class=\" wp-post-image wp-image-337\" alt=\"ICF\" \/>                                            <\/div><!-- \/slide-image -->\n                \n                            <\/div>\n        <\/li>\n            <\/ul>\n    <\/div>\n        \n                        <\/div>\n                    \t\t<\/div>\n\t\t<!-- \/.tb-column -->\n\t\t\n\t\t\n\t\t<div  class=\"tb-column col3-2 last module_column tb_1477_column module_column_1 module_column_1477-0-1\" >\n                                                                <div class=\"tb-column-inner\">\n                            \n\n<!-- module text -->\n<div  id=\"text-1477-0-1-0\" class=\"module module-text text-1477-0-1-0  repeat \">\n    \n    <h4 style=\"text-align: center;\"><strong>JAG MUNDI<br \/><\/strong><\/h4><\/div>\n<!-- \/module text -->\n\n\n<!-- module text -->\n<div  id=\"text-1477-0-1-1\" class=\"module module-text text-1477-0-1-1  repeat \">\n    \n    <h5><strong>ASOCIADO<\/strong><\/h5><\/div>\n<!-- \/module text -->\n\n\n<!-- module text -->\n<div  id=\"text-1477-0-1-2\" class=\"module module-text text-1477-0-1-2  repeat \">\n    \n    <p>Jag Mundi es coach de liderazgo que brinda apoyo a l\u00edderes empresariales, profesionales, equipos y organizaciones para lograr un cambio transformador y duradero.<\/p>\n<p>Jag tiene experiencia significativa de primera mano gestionando y creciendo negocios exitosos. Tambi\u00e9n tiene experiencia ofreciendo asesoramiento estrat\u00e9gico, independiente, confiable y cre\u00edble a nivel de la Junta, Directiva, as\u00ed como tambi\u00e9n un desaf\u00edo cr\u00edtico para compa\u00f1\u00edas cotizadas y privadas en una amplia gama de sectores. La experiencia \u00fanica de Jag como ex banquero de inversi\u00f3n, broker y abogado corporativo del Reino Unido, combinado con su formaci\u00f3n de primera clase y experiencia como coach, significa que sabe c\u00f3mo generar una transformaci\u00f3n profunda y sostenible para sus clientes corporativos y altos ejecutivos.<\/p>\n<p>Jag dirige a clientes que van desde grandes organizaciones internacionales, entre las que se incluyen Arcelor Mittal, compa\u00f1\u00edas de capitalizaci\u00f3n mediana y peque\u00f1a, como ITE Group Plc, empresas privadas y compa\u00f1\u00edas en etapa inicial, como EdPlace, proveedor de educaci\u00f3n en l\u00ednea.<\/p>\n<p>Jag es Coach Profesional Certificado Co-ActivoTM (CPCC) con el Coaches Training Institute (de California) y un Coach Certificado de Organizaciones y Sistemas de Relaciones (ORSCC) con CRR Global (California).<\/p>\n<p>Jag tambi\u00e9n es abogado y tiene un MA en Jurisprudencia de la Universidad de Oxford. Tambi\u00e9n complet\u00f3 un Programa de Gesti\u00f3n Avanzada en Wharton Business School (Filadelfia).<\/p><\/div>\n<!-- \/module text -->\n                        <\/div>\n                    \t\t<\/div>\n\t\t<!-- \/.tb-column -->\n\t\t\n\t\t\n                                <\/div>\n                                <!-- \/row_inner -->\n                        <\/div>\n                        <!-- \/module_row -->\n\t\t<\/div>\n","protected":false},"excerpt":{"rendered":"<p>JAG MUNDI ASOCIADO Jag Mundi es coach de liderazgo que brinda apoyo a l\u00edderes empresariales, profesionales, equipos y organizaciones para lograr un cambio transformador y duradero. Jag tiene experiencia significativa de primera mano gestionando y creciendo negocios exitosos. Tambi\u00e9n tiene experiencia ofreciendo asesoramiento estrat\u00e9gico, independiente, confiable y cre\u00edble a nivel de la Junta, Directiva, as\u00ed [&hellip;]<\/p>\n","protected":false},"author":2,"featured_media":0,"parent":1490,"menu_order":0,"comment_status":"closed","ping_status":"closed","template":"","meta":{"om_disable_all_campaigns":false,"_exactmetrics_skip_tracking":false,"_exactmetrics_sitenote_active":false,"_exactmetrics_sitenote_note":"","_exactmetrics_sitenote_category":0,"footnotes":""},"class_list":["post-1477","page","type-page","status-publish","hentry","has-post-title","has-post-date","has-post-category","has-post-tag","has-post-comment","has-post-author",""],"yoast_head":"<!-- This site is optimized with the Yoast SEO plugin v26.9 - https:\/\/yoast.com\/product\/yoast-seo-wordpress\/ -->\n<title>jag - Oxygen Group<\/title>\n<meta name=\"robots\" content=\"index, follow, max-snippet:-1, max-image-preview:large, max-video-preview:-1\" \/>\n<link rel=\"canonical\" href=\"https:\/\/oxygencoaches.com\/es\/about\/jag-2\/\" \/>\n<meta property=\"og:locale\" content=\"es_ES\" \/>\n<meta property=\"og:type\" content=\"article\" \/>\n<meta property=\"og:title\" content=\"jag - Oxygen Group\" \/>\n<meta property=\"og:description\" content=\"JAG MUNDI ASOCIADO Jag Mundi es coach de liderazgo que brinda apoyo a l\u00edderes empresariales, profesionales, equipos y organizaciones para lograr un cambio transformador y duradero. Jag tiene experiencia significativa de primera mano gestionando y creciendo negocios exitosos. Tambi\u00e9n tiene experiencia ofreciendo asesoramiento estrat\u00e9gico, independiente, confiable y cre\u00edble a nivel de la Junta, Directiva, as\u00ed [&hellip;]\" \/>\n<meta property=\"og:url\" content=\"https:\/\/oxygencoaches.com\/es\/about\/jag-2\/\" \/>\n<meta property=\"og:site_name\" content=\"Oxygen Group\" \/>\n<meta property=\"article:modified_time\" content=\"2017-12-23T17:31:00+00:00\" \/>\n<meta property=\"og:image\" content=\"http:\/\/oxygencoaches.com\/wp-content\/uploads\/2017\/11\/jag-large.jpg\" \/>\n<meta name=\"twitter:card\" content=\"summary_large_image\" \/>\n<meta name=\"twitter:site\" content=\"@OxygenCoach\" \/>\n<meta name=\"twitter:label1\" content=\"Tiempo de lectura\" \/>\n\t<meta name=\"twitter:data1\" content=\"1 minuto\" \/>\n<script type=\"application\/ld+json\" class=\"yoast-schema-graph\">{\"@context\":\"https:\/\/schema.org\",\"@graph\":[{\"@type\":\"WebPage\",\"@id\":\"https:\/\/oxygencoaches.com\/es\/about\/jag-2\/\",\"url\":\"https:\/\/oxygencoaches.com\/es\/about\/jag-2\/\",\"name\":\"jag - Oxygen Group\",\"isPartOf\":{\"@id\":\"https:\/\/oxygencoaches.com\/#website\"},\"primaryImageOfPage\":{\"@id\":\"https:\/\/oxygencoaches.com\/es\/about\/jag-2\/#primaryimage\"},\"image\":{\"@id\":\"https:\/\/oxygencoaches.com\/es\/about\/jag-2\/#primaryimage\"},\"thumbnailUrl\":\"https:\/\/oxygencoaches.com\/wp-content\/uploads\/2017\/11\/jag-large.jpg\",\"datePublished\":\"2017-11-06T15:41:52+00:00\",\"dateModified\":\"2017-12-23T17:31:00+00:00\",\"breadcrumb\":{\"@id\":\"https:\/\/oxygencoaches.com\/es\/about\/jag-2\/#breadcrumb\"},\"inLanguage\":\"es\",\"potentialAction\":[{\"@type\":\"ReadAction\",\"target\":[\"https:\/\/oxygencoaches.com\/es\/about\/jag-2\/\"]}]},{\"@type\":\"ImageObject\",\"inLanguage\":\"es\",\"@id\":\"https:\/\/oxygencoaches.com\/es\/about\/jag-2\/#primaryimage\",\"url\":\"https:\/\/oxygencoaches.com\/wp-content\/uploads\/2017\/11\/jag-large.jpg\",\"contentUrl\":\"https:\/\/oxygencoaches.com\/wp-content\/uploads\/2017\/11\/jag-large.jpg\"},{\"@type\":\"BreadcrumbList\",\"@id\":\"https:\/\/oxygencoaches.com\/es\/about\/jag-2\/#breadcrumb\",\"itemListElement\":[{\"@type\":\"ListItem\",\"position\":1,\"name\":\"Home\",\"item\":\"https:\/\/oxygencoaches.com\/es\/\"},{\"@type\":\"ListItem\",\"position\":2,\"name\":\"About\",\"item\":\"https:\/\/oxygencoaches.com\/es\/about\/\"},{\"@type\":\"ListItem\",\"position\":3,\"name\":\"jag\"}]},{\"@type\":\"WebSite\",\"@id\":\"https:\/\/oxygencoaches.com\/#website\",\"url\":\"https:\/\/oxygencoaches.com\/\",\"name\":\"Oxygen Group\",\"description\":\"Team Coaching Executive Coaching and Board Retreats\",\"publisher\":{\"@id\":\"https:\/\/oxygencoaches.com\/#organization\"},\"potentialAction\":[{\"@type\":\"SearchAction\",\"target\":{\"@type\":\"EntryPoint\",\"urlTemplate\":\"https:\/\/oxygencoaches.com\/?s={search_term_string}\"},\"query-input\":{\"@type\":\"PropertyValueSpecification\",\"valueRequired\":true,\"valueName\":\"search_term_string\"}}],\"inLanguage\":\"es\"},{\"@type\":\"Organization\",\"@id\":\"https:\/\/oxygencoaches.com\/#organization\",\"name\":\"Oxygen Group\",\"url\":\"https:\/\/oxygencoaches.com\/\",\"logo\":{\"@type\":\"ImageObject\",\"inLanguage\":\"es\",\"@id\":\"https:\/\/oxygencoaches.com\/#\/schema\/logo\/image\/\",\"url\":\"https:\/\/oxygencoaches.com\/wp-content\/uploads\/2017\/11\/logo-oxygen-transparent-bg.png\",\"contentUrl\":\"https:\/\/oxygencoaches.com\/wp-content\/uploads\/2017\/11\/logo-oxygen-transparent-bg.png\",\"width\":286,\"height\":75,\"caption\":\"Oxygen Group\"},\"image\":{\"@id\":\"https:\/\/oxygencoaches.com\/#\/schema\/logo\/image\/\"},\"sameAs\":[\"https:\/\/x.com\/OxygenCoach\",\"https:\/\/www.instagram.com\/oxygencoach\/?hl=en\",\"https:\/\/www.linkedin.com\/in\/juliuscardoza\"]}]}<\/script>\n<!-- \/ Yoast SEO plugin. -->","yoast_head_json":{"title":"jag - Oxygen Group","robots":{"index":"index","follow":"follow","max-snippet":"max-snippet:-1","max-image-preview":"max-image-preview:large","max-video-preview":"max-video-preview:-1"},"canonical":"https:\/\/oxygencoaches.com\/es\/about\/jag-2\/","og_locale":"es_ES","og_type":"article","og_title":"jag - Oxygen Group","og_description":"JAG MUNDI ASOCIADO Jag Mundi es coach de liderazgo que brinda apoyo a l\u00edderes empresariales, profesionales, equipos y organizaciones para lograr un cambio transformador y duradero. Jag tiene experiencia significativa de primera mano gestionando y creciendo negocios exitosos. Tambi\u00e9n tiene experiencia ofreciendo asesoramiento estrat\u00e9gico, independiente, confiable y cre\u00edble a nivel de la Junta, Directiva, as\u00ed [&hellip;]","og_url":"https:\/\/oxygencoaches.com\/es\/about\/jag-2\/","og_site_name":"Oxygen Group","article_modified_time":"2017-12-23T17:31:00+00:00","og_image":[{"url":"http:\/\/oxygencoaches.com\/wp-content\/uploads\/2017\/11\/jag-large.jpg","type":"","width":"","height":""}],"twitter_card":"summary_large_image","twitter_site":"@OxygenCoach","twitter_misc":{"Tiempo de lectura":"1 minuto"},"schema":{"@context":"https:\/\/schema.org","@graph":[{"@type":"WebPage","@id":"https:\/\/oxygencoaches.com\/es\/about\/jag-2\/","url":"https:\/\/oxygencoaches.com\/es\/about\/jag-2\/","name":"jag - Oxygen Group","isPartOf":{"@id":"https:\/\/oxygencoaches.com\/#website"},"primaryImageOfPage":{"@id":"https:\/\/oxygencoaches.com\/es\/about\/jag-2\/#primaryimage"},"image":{"@id":"https:\/\/oxygencoaches.com\/es\/about\/jag-2\/#primaryimage"},"thumbnailUrl":"https:\/\/oxygencoaches.com\/wp-content\/uploads\/2017\/11\/jag-large.jpg","datePublished":"2017-11-06T15:41:52+00:00","dateModified":"2017-12-23T17:31:00+00:00","breadcrumb":{"@id":"https:\/\/oxygencoaches.com\/es\/about\/jag-2\/#breadcrumb"},"inLanguage":"es","potentialAction":[{"@type":"ReadAction","target":["https:\/\/oxygencoaches.com\/es\/about\/jag-2\/"]}]},{"@type":"ImageObject","inLanguage":"es","@id":"https:\/\/oxygencoaches.com\/es\/about\/jag-2\/#primaryimage","url":"https:\/\/oxygencoaches.com\/wp-content\/uploads\/2017\/11\/jag-large.jpg","contentUrl":"https:\/\/oxygencoaches.com\/wp-content\/uploads\/2017\/11\/jag-large.jpg"},{"@type":"BreadcrumbList","@id":"https:\/\/oxygencoaches.com\/es\/about\/jag-2\/#breadcrumb","itemListElement":[{"@type":"ListItem","position":1,"name":"Home","item":"https:\/\/oxygencoaches.com\/es\/"},{"@type":"ListItem","position":2,"name":"About","item":"https:\/\/oxygencoaches.com\/es\/about\/"},{"@type":"ListItem","position":3,"name":"jag"}]},{"@type":"WebSite","@id":"https:\/\/oxygencoaches.com\/#website","url":"https:\/\/oxygencoaches.com\/","name":"Oxygen Group","description":"Team Coaching Executive Coaching and Board Retreats","publisher":{"@id":"https:\/\/oxygencoaches.com\/#organization"},"potentialAction":[{"@type":"SearchAction","target":{"@type":"EntryPoint","urlTemplate":"https:\/\/oxygencoaches.com\/?s={search_term_string}"},"query-input":{"@type":"PropertyValueSpecification","valueRequired":true,"valueName":"search_term_string"}}],"inLanguage":"es"},{"@type":"Organization","@id":"https:\/\/oxygencoaches.com\/#organization","name":"Oxygen Group","url":"https:\/\/oxygencoaches.com\/","logo":{"@type":"ImageObject","inLanguage":"es","@id":"https:\/\/oxygencoaches.com\/#\/schema\/logo\/image\/","url":"https:\/\/oxygencoaches.com\/wp-content\/uploads\/2017\/11\/logo-oxygen-transparent-bg.png","contentUrl":"https:\/\/oxygencoaches.com\/wp-content\/uploads\/2017\/11\/logo-oxygen-transparent-bg.png","width":286,"height":75,"caption":"Oxygen Group"},"image":{"@id":"https:\/\/oxygencoaches.com\/#\/schema\/logo\/image\/"},"sameAs":["https:\/\/x.com\/OxygenCoach","https:\/\/www.instagram.com\/oxygencoach\/?hl=en","https:\/\/www.linkedin.com\/in\/juliuscardoza"]}]}},"jetpack_sharing_enabled":true,"_links":{"self":[{"href":"https:\/\/oxygencoaches.com\/es\/wp-json\/wp\/v2\/pages\/1477","targetHints":{"allow":["GET"]}}],"collection":[{"href":"https:\/\/oxygencoaches.com\/es\/wp-json\/wp\/v2\/pages"}],"about":[{"href":"https:\/\/oxygencoaches.com\/es\/wp-json\/wp\/v2\/types\/page"}],"author":[{"embeddable":true,"href":"https:\/\/oxygencoaches.com\/es\/wp-json\/wp\/v2\/users\/2"}],"replies":[{"embeddable":true,"href":"https:\/\/oxygencoaches.com\/es\/wp-json\/wp\/v2\/comments?post=1477"}],"version-history":[{"count":6,"href":"https:\/\/oxygencoaches.com\/es\/wp-json\/wp\/v2\/pages\/1477\/revisions"}],"predecessor-version":[{"id":1665,"href":"https:\/\/oxygencoaches.com\/es\/wp-json\/wp\/v2\/pages\/1477\/revisions\/1665"}],"up":[{"embeddable":true,"href":"https:\/\/oxygencoaches.com\/es\/wp-json\/wp\/v2\/pages\/1490"}],"wp:attachment":[{"href":"https:\/\/oxygencoaches.com\/es\/wp-json\/wp\/v2\/media?parent=1477"}],"curies":[{"name":"wp","href":"https:\/\/api.w.org\/{rel}","templated":true}]}}