{"id":1483,"date":"2017-11-06T15:46:27","date_gmt":"2017-11-06T15:46:27","guid":{"rendered":"http:\/\/oxygencoaches.com\/eva-2\/"},"modified":"2017-11-23T15:33:22","modified_gmt":"2017-11-23T15:33:22","slug":"eva-2","status":"publish","type":"page","link":"https:\/\/oxygencoaches.com\/es\/about\/eva-2\/","title":{"rendered":"eva"},"content":{"rendered":"<div id=\"themify_builder_content-1483\" data-postid=\"1483\" class=\"themify_builder_content themify_builder_content-1483 themify_builder\">\n\n    \t\n\t\t<!-- module_row -->\n\t\t\t<div  class=\"themify_builder_row module_row clearfix builder-parallax-scrolling fullwidth_row_container module_row_0 themify_builder_1483_row module_row_1483-0\">\n\t\t\t\t                                <div class=\"row_inner \" >\n\n                                    \n\t\t<div  class=\"tb-column col3-1 first module_column tb_1483_column module_column_0 module_column_1483-0-0 repeat\" >\n                                                                <div class=\"tb-column-inner\">\n                            \n\n    <!-- module image -->\n    <div  id=\"image-1483-0-0-0\" class=\"module module-image image-1483-0-0-0  image-center  \">\n\n        \n        <div class=\"image-wrap\">\n                            <img loading=\"lazy\" decoding=\"async\" width=\"1029\" height=\"1000\" src=\"https:\/\/oxygencoaches.com\/wp-content\/uploads\/2017\/11\/eva-new-large.jpg\" class=\" wp-post-image wp-image-1018\" alt=\"eva-new-large\" srcset=\"https:\/\/oxygencoaches.com\/wp-content\/uploads\/2017\/11\/eva-new-large.jpg 1029w, https:\/\/oxygencoaches.com\/wp-content\/uploads\/2017\/11\/eva-new-large-300x292.jpg 300w, https:\/\/oxygencoaches.com\/wp-content\/uploads\/2017\/11\/eva-new-large-768x746.jpg 768w, https:\/\/oxygencoaches.com\/wp-content\/uploads\/2017\/11\/eva-new-large-1024x995.jpg 1024w\" sizes=\"auto, (max-width: 1029px) 100vw, 1029px\" \/>            \n                        <\/div>\n            <!-- \/image-wrap -->\n        \n        \n            <\/div>\n    <!-- \/module image -->\n\n\n\n    <div class=\"themify_builder_slider_loader\"><\/div>\n    <div id=\"slider-1483-0-0-1\" class=\"module module-slider slider-1483-0-0-1 themify_builder_slider_wrap clearfix  slider-default  \">\n                <ul class=\"themify_builder_slider\"\n            data-id=\"slider-1483-0-0-1\" \n            data-visible=\"1\" \n            data-scroll=\"1\" \n            data-auto-scroll=\"4\"\n            data-speed=\"1\"\n            data-wrap=\"yes\"\n            data-arrow=\"no\"\n            data-pagination=\"no\"\n            data-effect=\"scroll\" \n            data-height=\"auto\" \n            data-pause-on-hover=\"resume\"\n            >\n                    <!-- module slider image -->\n\n                    <li>\n            <div class=\"slide-inner-wrap\">\n                                    <div class=\"slide-image\">\n                                                                            <img loading=\"lazy\" decoding=\"async\" width=\"154\" height=\"81\" src=\"https:\/\/oxygencoaches.com\/wp-content\/uploads\/2017\/11\/PCC.jpg\" class=\" wp-post-image wp-image-339\" alt=\"PCC\" \/>                                            <\/div><!-- \/slide-image -->\n                \n                            <\/div>\n        <\/li>\n                    <li>\n            <div class=\"slide-inner-wrap\">\n                                    <div class=\"slide-image\">\n                                                                            <img loading=\"lazy\" decoding=\"async\" width=\"229\" height=\"81\" src=\"https:\/\/oxygencoaches.com\/wp-content\/uploads\/2017\/11\/CPCC.jpg\" class=\" wp-post-image wp-image-334\" alt=\"CPCC\" srcset=\"https:\/\/oxygencoaches.com\/wp-content\/uploads\/2017\/11\/CPCC.jpg 229w, https:\/\/oxygencoaches.com\/wp-content\/uploads\/2017\/11\/CPCC-282x100.jpg 282w\" sizes=\"auto, (max-width: 229px) 100vw, 229px\" \/>                                            <\/div><!-- \/slide-image -->\n                \n                            <\/div>\n        <\/li>\n                    <li>\n            <div class=\"slide-inner-wrap\">\n                                    <div class=\"slide-image\">\n                                                                            <img loading=\"lazy\" decoding=\"async\" width=\"208\" height=\"48\" src=\"https:\/\/oxygencoaches.com\/wp-content\/uploads\/2017\/11\/CRR.png\" class=\" wp-post-image wp-image-335\" alt=\"CRR\" \/>                                            <\/div><!-- \/slide-image -->\n                \n                            <\/div>\n        <\/li>\n                    <li>\n            <div class=\"slide-inner-wrap\">\n                                    <div class=\"slide-image\">\n                                                                            <img loading=\"lazy\" decoding=\"async\" width=\"62\" height=\"83\" src=\"https:\/\/oxygencoaches.com\/wp-content\/uploads\/2017\/11\/mbti.gif\" class=\" wp-post-image wp-image-338\" alt=\"mbti\" \/>                                            <\/div><!-- \/slide-image -->\n                \n                            <\/div>\n        <\/li>\n            <\/ul>\n    <\/div>\n        \n                        <\/div>\n                    \t\t<\/div>\n\t\t<!-- \/.tb-column -->\n\t\t\n\t\t\n\t\t<div  class=\"tb-column col3-2 last module_column tb_1483_column module_column_1 module_column_1483-0-1\" >\n                                                                <div class=\"tb-column-inner\">\n                            \n\n<!-- module text -->\n<div  id=\"text-1483-0-1-0\" class=\"module module-text text-1483-0-1-0  repeat \">\n    \n    <h4 style=\"text-align: center;\"><strong>EVA BONNEVIER<br \/><\/strong><\/h4><\/div>\n<!-- \/module text -->\n\n\n<!-- module text -->\n<div  id=\"text-1483-0-1-1\" class=\"module module-text text-1483-0-1-1  repeat \">\n    \n    <h5><strong>ASOCIADO<\/strong><\/h5><\/div>\n<!-- \/module text -->\n\n\n<!-- module text -->\n<div  id=\"text-1483-0-1-2\" class=\"module module-text text-1483-0-1-2  repeat \">\n    \n    <p>Eva Bonnevier es consultora, facilitadora principal y coach ejecutiva.<\/p>\n<p>Provocativa, apasionada, creativa y sincera, Eva sabe c\u00f3mo sacar todo el potencial de sus clientes, siempre con un humor, calidez y respeto.<\/p>\n<p>Eva est\u00e1 certificada como Coach Coactivo Profesional (CPCC) con el Coaches Training Institute (CTI) y tambi\u00e9n es Coach Certificada Profesional (PCC) con el International Coach Federation (ICF). Ella es miembro de la facultad de ICF y examinadora capacitada para la certificaci\u00f3n de ICF. Eva tambi\u00e9n actu\u00f3 como iniciadora para lanzar CTI en Suecia \/ Dinamarca en 2003 y, por lo tanto, ha tenido un impacto inmenso en el aumento de la calidad del coaching en ambos pa\u00edses. Adem\u00e1s, como miembro de la facultad desde 2007, Eva supervisa a estudiantes en el proceso de certificaci\u00f3n y ha completado m\u00e1s de 1.300 horas de supervisi\u00f3n.<\/p>\n<p>Eva tiene experiencia ejecutiva de Adecco, donde lanz\u00f3 una nueva organizaci\u00f3n para coaching, outplacement y desarrollo de liderazgo. Ha trabajado con corporaciones como PWC, JBT FoodTech, Norwegian Police Academy, EON, MOOG, Cardo, Consafe, Ericsson y Telef\u00f3nica.<\/p>\n<p>Desde el lanzamiento de su propia compa\u00f1\u00eda en 1995, Eva ha registrado m\u00e1s de 3.500 horas de entrenamiento y tambi\u00e9n trabaja en la transformaci\u00f3n de conflictos, el outplacement y el desarrollo personal y profesional.<\/p>\n<p>Eva complet\u00f3 el Core Curriculum of Organization and Relationship System Coaching (ORSC) con el Center for Right Relations (CRR Global) y es un facilitador autorizado para la herramienta de evaluaci\u00f3n de equipos TDA y tambi\u00e9n est\u00e1 capacitado en MBTI (Myers Briggs).<\/p>\n<p>Eva tiene un t\u00edtulo universitario en Ciencias de la conducta. Ella habla ingl\u00e9s, sueco, noruego y dan\u00e9s con fluidez.<\/p><\/div>\n<!-- \/module text -->\n                        <\/div>\n                    \t\t<\/div>\n\t\t<!-- \/.tb-column -->\n\t\t\n\t\t\n                                <\/div>\n                                <!-- \/row_inner -->\n                        <\/div>\n                        <!-- \/module_row -->\n\t\t<\/div>\n","protected":false},"excerpt":{"rendered":"<p>EVA BONNEVIER ASOCIADO Eva Bonnevier es consultora, facilitadora principal y coach ejecutiva. Provocativa, apasionada, creativa y sincera, Eva sabe c\u00f3mo sacar todo el potencial de sus clientes, siempre con un humor, calidez y respeto. Eva est\u00e1 certificada como Coach Coactivo Profesional (CPCC) con el Coaches Training Institute (CTI) y tambi\u00e9n es Coach Certificada Profesional (PCC) [&hellip;]<\/p>\n","protected":false},"author":2,"featured_media":0,"parent":1490,"menu_order":0,"comment_status":"closed","ping_status":"closed","template":"","meta":{"om_disable_all_campaigns":false,"_exactmetrics_skip_tracking":false,"_exactmetrics_sitenote_active":false,"_exactmetrics_sitenote_note":"","_exactmetrics_sitenote_category":0,"footnotes":""},"class_list":["post-1483","page","type-page","status-publish","hentry","has-post-title","has-post-date","has-post-category","has-post-tag","has-post-comment","has-post-author",""],"yoast_head":"<!-- This site is optimized with the Yoast SEO plugin v26.9 - https:\/\/yoast.com\/product\/yoast-seo-wordpress\/ -->\n<title>eva - Oxygen Group<\/title>\n<meta name=\"robots\" content=\"index, follow, max-snippet:-1, max-image-preview:large, max-video-preview:-1\" \/>\n<link rel=\"canonical\" href=\"https:\/\/oxygencoaches.com\/es\/about\/eva-2\/\" \/>\n<meta property=\"og:locale\" content=\"es_ES\" \/>\n<meta property=\"og:type\" content=\"article\" \/>\n<meta property=\"og:title\" content=\"eva - Oxygen Group\" \/>\n<meta property=\"og:description\" content=\"EVA BONNEVIER ASOCIADO Eva Bonnevier es consultora, facilitadora principal y coach ejecutiva. Provocativa, apasionada, creativa y sincera, Eva sabe c\u00f3mo sacar todo el potencial de sus clientes, siempre con un humor, calidez y respeto. Eva est\u00e1 certificada como Coach Coactivo Profesional (CPCC) con el Coaches Training Institute (CTI) y tambi\u00e9n es Coach Certificada Profesional (PCC) [&hellip;]\" \/>\n<meta property=\"og:url\" content=\"https:\/\/oxygencoaches.com\/es\/about\/eva-2\/\" \/>\n<meta property=\"og:site_name\" content=\"Oxygen Group\" \/>\n<meta property=\"article:modified_time\" content=\"2017-11-23T15:33:22+00:00\" \/>\n<meta property=\"og:image\" content=\"http:\/\/oxygencoaches.com\/wp-content\/uploads\/2017\/11\/eva-new-large.jpg\" \/>\n<meta name=\"twitter:card\" content=\"summary_large_image\" \/>\n<meta name=\"twitter:site\" content=\"@OxygenCoach\" \/>\n<meta name=\"twitter:label1\" content=\"Tiempo de lectura\" \/>\n\t<meta name=\"twitter:data1\" content=\"1 minuto\" \/>\n<script type=\"application\/ld+json\" class=\"yoast-schema-graph\">{\"@context\":\"https:\/\/schema.org\",\"@graph\":[{\"@type\":\"WebPage\",\"@id\":\"https:\/\/oxygencoaches.com\/es\/about\/eva-2\/\",\"url\":\"https:\/\/oxygencoaches.com\/es\/about\/eva-2\/\",\"name\":\"eva - Oxygen Group\",\"isPartOf\":{\"@id\":\"https:\/\/oxygencoaches.com\/#website\"},\"primaryImageOfPage\":{\"@id\":\"https:\/\/oxygencoaches.com\/es\/about\/eva-2\/#primaryimage\"},\"image\":{\"@id\":\"https:\/\/oxygencoaches.com\/es\/about\/eva-2\/#primaryimage\"},\"thumbnailUrl\":\"https:\/\/oxygencoaches.com\/wp-content\/uploads\/2017\/11\/eva-new-large.jpg\",\"datePublished\":\"2017-11-06T15:46:27+00:00\",\"dateModified\":\"2017-11-23T15:33:22+00:00\",\"breadcrumb\":{\"@id\":\"https:\/\/oxygencoaches.com\/es\/about\/eva-2\/#breadcrumb\"},\"inLanguage\":\"es\",\"potentialAction\":[{\"@type\":\"ReadAction\",\"target\":[\"https:\/\/oxygencoaches.com\/es\/about\/eva-2\/\"]}]},{\"@type\":\"ImageObject\",\"inLanguage\":\"es\",\"@id\":\"https:\/\/oxygencoaches.com\/es\/about\/eva-2\/#primaryimage\",\"url\":\"https:\/\/oxygencoaches.com\/wp-content\/uploads\/2017\/11\/eva-new-large.jpg\",\"contentUrl\":\"https:\/\/oxygencoaches.com\/wp-content\/uploads\/2017\/11\/eva-new-large.jpg\"},{\"@type\":\"BreadcrumbList\",\"@id\":\"https:\/\/oxygencoaches.com\/es\/about\/eva-2\/#breadcrumb\",\"itemListElement\":[{\"@type\":\"ListItem\",\"position\":1,\"name\":\"Home\",\"item\":\"https:\/\/oxygencoaches.com\/es\/\"},{\"@type\":\"ListItem\",\"position\":2,\"name\":\"About\",\"item\":\"https:\/\/oxygencoaches.com\/es\/about\/\"},{\"@type\":\"ListItem\",\"position\":3,\"name\":\"eva\"}]},{\"@type\":\"WebSite\",\"@id\":\"https:\/\/oxygencoaches.com\/#website\",\"url\":\"https:\/\/oxygencoaches.com\/\",\"name\":\"Oxygen Group\",\"description\":\"Team Coaching Executive Coaching and Board Retreats\",\"publisher\":{\"@id\":\"https:\/\/oxygencoaches.com\/#organization\"},\"potentialAction\":[{\"@type\":\"SearchAction\",\"target\":{\"@type\":\"EntryPoint\",\"urlTemplate\":\"https:\/\/oxygencoaches.com\/?s={search_term_string}\"},\"query-input\":{\"@type\":\"PropertyValueSpecification\",\"valueRequired\":true,\"valueName\":\"search_term_string\"}}],\"inLanguage\":\"es\"},{\"@type\":\"Organization\",\"@id\":\"https:\/\/oxygencoaches.com\/#organization\",\"name\":\"Oxygen Group\",\"url\":\"https:\/\/oxygencoaches.com\/\",\"logo\":{\"@type\":\"ImageObject\",\"inLanguage\":\"es\",\"@id\":\"https:\/\/oxygencoaches.com\/#\/schema\/logo\/image\/\",\"url\":\"https:\/\/oxygencoaches.com\/wp-content\/uploads\/2017\/11\/logo-oxygen-transparent-bg.png\",\"contentUrl\":\"https:\/\/oxygencoaches.com\/wp-content\/uploads\/2017\/11\/logo-oxygen-transparent-bg.png\",\"width\":286,\"height\":75,\"caption\":\"Oxygen Group\"},\"image\":{\"@id\":\"https:\/\/oxygencoaches.com\/#\/schema\/logo\/image\/\"},\"sameAs\":[\"https:\/\/x.com\/OxygenCoach\",\"https:\/\/www.instagram.com\/oxygencoach\/?hl=en\",\"https:\/\/www.linkedin.com\/in\/juliuscardoza\"]}]}<\/script>\n<!-- \/ Yoast SEO plugin. -->","yoast_head_json":{"title":"eva - Oxygen Group","robots":{"index":"index","follow":"follow","max-snippet":"max-snippet:-1","max-image-preview":"max-image-preview:large","max-video-preview":"max-video-preview:-1"},"canonical":"https:\/\/oxygencoaches.com\/es\/about\/eva-2\/","og_locale":"es_ES","og_type":"article","og_title":"eva - Oxygen Group","og_description":"EVA BONNEVIER ASOCIADO Eva Bonnevier es consultora, facilitadora principal y coach ejecutiva. Provocativa, apasionada, creativa y sincera, Eva sabe c\u00f3mo sacar todo el potencial de sus clientes, siempre con un humor, calidez y respeto. Eva est\u00e1 certificada como Coach Coactivo Profesional (CPCC) con el Coaches Training Institute (CTI) y tambi\u00e9n es Coach Certificada Profesional (PCC) [&hellip;]","og_url":"https:\/\/oxygencoaches.com\/es\/about\/eva-2\/","og_site_name":"Oxygen Group","article_modified_time":"2017-11-23T15:33:22+00:00","og_image":[{"url":"http:\/\/oxygencoaches.com\/wp-content\/uploads\/2017\/11\/eva-new-large.jpg","type":"","width":"","height":""}],"twitter_card":"summary_large_image","twitter_site":"@OxygenCoach","twitter_misc":{"Tiempo de lectura":"1 minuto"},"schema":{"@context":"https:\/\/schema.org","@graph":[{"@type":"WebPage","@id":"https:\/\/oxygencoaches.com\/es\/about\/eva-2\/","url":"https:\/\/oxygencoaches.com\/es\/about\/eva-2\/","name":"eva - Oxygen Group","isPartOf":{"@id":"https:\/\/oxygencoaches.com\/#website"},"primaryImageOfPage":{"@id":"https:\/\/oxygencoaches.com\/es\/about\/eva-2\/#primaryimage"},"image":{"@id":"https:\/\/oxygencoaches.com\/es\/about\/eva-2\/#primaryimage"},"thumbnailUrl":"https:\/\/oxygencoaches.com\/wp-content\/uploads\/2017\/11\/eva-new-large.jpg","datePublished":"2017-11-06T15:46:27+00:00","dateModified":"2017-11-23T15:33:22+00:00","breadcrumb":{"@id":"https:\/\/oxygencoaches.com\/es\/about\/eva-2\/#breadcrumb"},"inLanguage":"es","potentialAction":[{"@type":"ReadAction","target":["https:\/\/oxygencoaches.com\/es\/about\/eva-2\/"]}]},{"@type":"ImageObject","inLanguage":"es","@id":"https:\/\/oxygencoaches.com\/es\/about\/eva-2\/#primaryimage","url":"https:\/\/oxygencoaches.com\/wp-content\/uploads\/2017\/11\/eva-new-large.jpg","contentUrl":"https:\/\/oxygencoaches.com\/wp-content\/uploads\/2017\/11\/eva-new-large.jpg"},{"@type":"BreadcrumbList","@id":"https:\/\/oxygencoaches.com\/es\/about\/eva-2\/#breadcrumb","itemListElement":[{"@type":"ListItem","position":1,"name":"Home","item":"https:\/\/oxygencoaches.com\/es\/"},{"@type":"ListItem","position":2,"name":"About","item":"https:\/\/oxygencoaches.com\/es\/about\/"},{"@type":"ListItem","position":3,"name":"eva"}]},{"@type":"WebSite","@id":"https:\/\/oxygencoaches.com\/#website","url":"https:\/\/oxygencoaches.com\/","name":"Oxygen Group","description":"Team Coaching Executive Coaching and Board Retreats","publisher":{"@id":"https:\/\/oxygencoaches.com\/#organization"},"potentialAction":[{"@type":"SearchAction","target":{"@type":"EntryPoint","urlTemplate":"https:\/\/oxygencoaches.com\/?s={search_term_string}"},"query-input":{"@type":"PropertyValueSpecification","valueRequired":true,"valueName":"search_term_string"}}],"inLanguage":"es"},{"@type":"Organization","@id":"https:\/\/oxygencoaches.com\/#organization","name":"Oxygen Group","url":"https:\/\/oxygencoaches.com\/","logo":{"@type":"ImageObject","inLanguage":"es","@id":"https:\/\/oxygencoaches.com\/#\/schema\/logo\/image\/","url":"https:\/\/oxygencoaches.com\/wp-content\/uploads\/2017\/11\/logo-oxygen-transparent-bg.png","contentUrl":"https:\/\/oxygencoaches.com\/wp-content\/uploads\/2017\/11\/logo-oxygen-transparent-bg.png","width":286,"height":75,"caption":"Oxygen Group"},"image":{"@id":"https:\/\/oxygencoaches.com\/#\/schema\/logo\/image\/"},"sameAs":["https:\/\/x.com\/OxygenCoach","https:\/\/www.instagram.com\/oxygencoach\/?hl=en","https:\/\/www.linkedin.com\/in\/juliuscardoza"]}]}},"jetpack_sharing_enabled":true,"_links":{"self":[{"href":"https:\/\/oxygencoaches.com\/es\/wp-json\/wp\/v2\/pages\/1483","targetHints":{"allow":["GET"]}}],"collection":[{"href":"https:\/\/oxygencoaches.com\/es\/wp-json\/wp\/v2\/pages"}],"about":[{"href":"https:\/\/oxygencoaches.com\/es\/wp-json\/wp\/v2\/types\/page"}],"author":[{"embeddable":true,"href":"https:\/\/oxygencoaches.com\/es\/wp-json\/wp\/v2\/users\/2"}],"replies":[{"embeddable":true,"href":"https:\/\/oxygencoaches.com\/es\/wp-json\/wp\/v2\/comments?post=1483"}],"version-history":[{"count":2,"href":"https:\/\/oxygencoaches.com\/es\/wp-json\/wp\/v2\/pages\/1483\/revisions"}],"predecessor-version":[{"id":1485,"href":"https:\/\/oxygencoaches.com\/es\/wp-json\/wp\/v2\/pages\/1483\/revisions\/1485"}],"up":[{"embeddable":true,"href":"https:\/\/oxygencoaches.com\/es\/wp-json\/wp\/v2\/pages\/1490"}],"wp:attachment":[{"href":"https:\/\/oxygencoaches.com\/es\/wp-json\/wp\/v2\/media?parent=1483"}],"curies":[{"name":"wp","href":"https:\/\/api.w.org\/{rel}","templated":true}]}}